{"id":65191,"date":"2025-12-17T14:24:36","date_gmt":"2025-12-17T12:24:36","guid":{"rendered":"https:\/\/kiilibetoon.ee\/?post_type=product&#038;p=65191"},"modified":"2026-03-31T15:58:32","modified_gmt":"2026-03-31T12:58:32","slug":"betoonplaat-1-7-kohe-olemas-8","status":"publish","type":"product","link":"https:\/\/kiilibetoon.ee\/ru\/betoonplaat-1-7-kohe-olemas-8\/","title":{"rendered":"Betoonplaat 1.7 &#8211; kohe olemas"},"content":{"rendered":"","protected":false},"excerpt":{"rendered":"<p>Tootel v\u00f5ib esineda visuaalseid v\u00f5i tehnilisi k\u00f5rvalekaldeid (nt pinnadefektid, m\u00f5rad v\u00f5i muud kosmeetilised vead).<\/p>\n<p>M\u00f5\u00f5dud v\u00f5ivad varieeruda kuni \u00b110 mm.<\/p>\n<p>Toote hind on t\u00fckihind.<\/p>\n<p><em>Soovitame enne ostu sooritamist tutvuda toote t\u00e4pse seisukorraga. T\u00e4psema info saamiseks palume p\u00f6\u00f6rduda meie m\u00fc\u00fcgiesindaja poole.<\/em><\/p>\n","protected":false},"featured_media":65192,"comment_status":"open","ping_status":"closed","template":"","meta":{"site-sidebar-layout":"default","site-content-layout":"","ast-site-content-layout":"default","site-content-style":"default","site-sidebar-style":"default","ast-global-header-display":"","ast-banner-title-visibility":"","ast-main-header-display":"","ast-hfb-above-header-display":"","ast-hfb-below-header-display":"","ast-hfb-mobile-header-display":"","site-post-title":"","ast-breadcrumbs-content":"","ast-featured-img":"","footer-sml-layout":"","ast-disable-related-posts":"","theme-transparent-header-meta":"default","adv-header-id-meta":"","stick-header-meta":"default","header-above-stick-meta":"","header-main-stick-meta":"","header-below-stick-meta":"","astra-migrate-meta-layouts":"set","ast-page-background-enabled":"default","ast-page-background-meta":{"desktop":{"background-color":"var(--ast-global-color-4)","background-image":"","background-repeat":"repeat","background-position":"center center","background-size":"auto","background-attachment":"scroll","background-type":"","background-media":"","overlay-type":"","overlay-color":"","overlay-opacity":"","overlay-gradient":""},"tablet":{"background-color":"","background-image":"","background-repeat":"repeat","background-position":"center center","background-size":"auto","background-attachment":"scroll","background-type":"","background-media":"","overlay-type":"","overlay-color":"","overlay-opacity":"","overlay-gradient":""},"mobile":{"background-color":"","background-image":"","background-repeat":"repeat","background-position":"center center","background-size":"auto","background-attachment":"scroll","background-type":"","background-media":"","overlay-type":"","overlay-color":"","overlay-opacity":"","overlay-gradient":""}},"ast-content-background-meta":{"desktop":{"background-color":"var(--ast-global-color-5)","background-image":"","background-repeat":"repeat","background-position":"center center","background-size":"auto","background-attachment":"scroll","background-type":"","background-media":"","overlay-type":"","overlay-color":"","overlay-opacity":"","overlay-gradient":""},"tablet":{"background-color":"var(--ast-global-color-5)","background-image":"","background-repeat":"repeat","background-position":"center center","background-size":"auto","background-attachment":"scroll","background-type":"","background-media":"","overlay-type":"","overlay-color":"","overlay-opacity":"","overlay-gradient":""},"mobile":{"background-color":"var(--ast-global-color-5)","background-image":"","background-repeat":"repeat","background-position":"center center","background-size":"auto","background-attachment":"scroll","background-type":"","background-media":"","overlay-type":"","overlay-color":"","overlay-opacity":"","overlay-gradient":""}}},"product_brand":[],"product_cat":[127],"product_tag":[],"class_list":{"0":"post-65191","1":"product","2":"type-product","3":"status-publish","4":"has-post-thumbnail","6":"product_cat-leiunurk","7":"desktop-align-left","8":"tablet-align-left","9":"mobile-align-left","10":"ast-product-gallery-layout-horizontal-slider","11":"ast-product-gallery-with-no-image","12":"ast-product-tabs-layout-horizontal","13":"ast-qv-on-image","15":"first","16":"instock","17":"sale","18":"taxable","19":"shipping-taxable","20":"purchasable","21":"product-type-simple"},"yoast_head":"<!-- This site is optimized with the Yoast SEO plugin v27.3 - https:\/\/yoast.com\/product\/yoast-seo-wordpress\/ -->\n<title>Betoonplaat 1.7 - kohe olemas - Kiili Betoon<\/title>\n<meta name=\"robots\" content=\"index, follow, max-snippet:-1, max-image-preview:large, max-video-preview:-1\" \/>\n<link rel=\"canonical\" href=\"https:\/\/kiilibetoon.ee\/ru\/betoonplaat-1-7-kohe-olemas-8\/\" \/>\n<meta property=\"og:locale\" content=\"ru_RU\" \/>\n<meta property=\"og:type\" content=\"article\" \/>\n<meta property=\"og:title\" content=\"Betoonplaat 1.7 - kohe olemas - Kiili Betoon\" \/>\n<meta property=\"og:description\" content=\"Tootel v\u00f5ib esineda visuaalseid v\u00f5i tehnilisi k\u00f5rvalekaldeid (nt pinnadefektid, m\u00f5rad v\u00f5i muud kosmeetilised vead).  M\u00f5\u00f5dud v\u00f5ivad varieeruda kuni \u00b110 mm.  Toote hind on t\u00fckihind.  Soovitame enne ostu sooritamist tutvuda toote t\u00e4pse seisukorraga. T\u00e4psema info saamiseks palume p\u00f6\u00f6rduda meie m\u00fc\u00fcgiesindaja poole.\" \/>\n<meta property=\"og:url\" content=\"https:\/\/kiilibetoon.ee\/ru\/betoonplaat-1-7-kohe-olemas-8\/\" \/>\n<meta property=\"og:site_name\" content=\"Kiili Betoon\" \/>\n<meta property=\"article:modified_time\" content=\"2026-03-31T12:58:32+00:00\" \/>\n<meta property=\"og:image\" content=\"https:\/\/kiilibetoon.ee\/wp-content\/uploads\/2025\/12\/980x990x60mm-scaled.jpg\" \/>\n\t<meta property=\"og:image:width\" content=\"2560\" \/>\n\t<meta property=\"og:image:height\" content=\"2560\" \/>\n\t<meta property=\"og:image:type\" content=\"image\/jpeg\" \/>\n<meta name=\"twitter:card\" content=\"summary_large_image\" \/>\n<meta name=\"twitter:label1\" content=\"\u041f\u0440\u0438\u043c\u0435\u0440\u043d\u043e\u0435 \u0432\u0440\u0435\u043c\u044f \u0434\u043b\u044f \u0447\u0442\u0435\u043d\u0438\u044f\" \/>\n\t<meta name=\"twitter:data1\" content=\"1 \u043c\u0438\u043d\u0443\u0442\u0430\" \/>\n<script type=\"application\/ld+json\" class=\"yoast-schema-graph\">{\"@context\":\"https:\\\/\\\/schema.org\",\"@graph\":[{\"@type\":\"WebPage\",\"@id\":\"https:\\\/\\\/kiilibetoon.ee\\\/ru\\\/betoonplaat-1-7-kohe-olemas-8\\\/\",\"url\":\"https:\\\/\\\/kiilibetoon.ee\\\/ru\\\/betoonplaat-1-7-kohe-olemas-8\\\/\",\"name\":\"Betoonplaat 1.7 - kohe olemas - Kiili Betoon\",\"isPartOf\":{\"@id\":\"https:\\\/\\\/kiilibetoon.ee\\\/ru\\\/#website\"},\"primaryImageOfPage\":{\"@id\":\"https:\\\/\\\/kiilibetoon.ee\\\/ru\\\/betoonplaat-1-7-kohe-olemas-8\\\/#primaryimage\"},\"image\":{\"@id\":\"https:\\\/\\\/kiilibetoon.ee\\\/ru\\\/betoonplaat-1-7-kohe-olemas-8\\\/#primaryimage\"},\"thumbnailUrl\":\"https:\\\/\\\/kiilibetoon.ee\\\/wp-content\\\/uploads\\\/2025\\\/12\\\/980x990x60mm-scaled.jpg\",\"datePublished\":\"2025-12-17T12:24:36+00:00\",\"dateModified\":\"2026-03-31T12:58:32+00:00\",\"breadcrumb\":{\"@id\":\"https:\\\/\\\/kiilibetoon.ee\\\/ru\\\/betoonplaat-1-7-kohe-olemas-8\\\/#breadcrumb\"},\"inLanguage\":\"ru-RU\",\"potentialAction\":[{\"@type\":\"ReadAction\",\"target\":[\"https:\\\/\\\/kiilibetoon.ee\\\/ru\\\/betoonplaat-1-7-kohe-olemas-8\\\/\"]}]},{\"@type\":\"ImageObject\",\"inLanguage\":\"ru-RU\",\"@id\":\"https:\\\/\\\/kiilibetoon.ee\\\/ru\\\/betoonplaat-1-7-kohe-olemas-8\\\/#primaryimage\",\"url\":\"https:\\\/\\\/kiilibetoon.ee\\\/wp-content\\\/uploads\\\/2025\\\/12\\\/980x990x60mm-scaled.jpg\",\"contentUrl\":\"https:\\\/\\\/kiilibetoon.ee\\\/wp-content\\\/uploads\\\/2025\\\/12\\\/980x990x60mm-scaled.jpg\",\"width\":2560,\"height\":2560},{\"@type\":\"BreadcrumbList\",\"@id\":\"https:\\\/\\\/kiilibetoon.ee\\\/ru\\\/betoonplaat-1-7-kohe-olemas-8\\\/#breadcrumb\",\"itemListElement\":[{\"@type\":\"ListItem\",\"position\":1,\"name\":\"Home\",\"item\":\"https:\\\/\\\/kiilibetoon.ee\\\/ru\\\/\"},{\"@type\":\"ListItem\",\"position\":2,\"name\":\"\u0412\u0441\u0435 \u0442\u043e\u0432\u0430\u0440\u044b\",\"item\":\"https:\\\/\\\/kiilibetoon.ee\\\/ru\\\/shop\\\/\"},{\"@type\":\"ListItem\",\"position\":3,\"name\":\"Betoonplaat 1.7 &#8211; kohe olemas\"}]},{\"@type\":\"WebSite\",\"@id\":\"https:\\\/\\\/kiilibetoon.ee\\\/ru\\\/#website\",\"url\":\"https:\\\/\\\/kiilibetoon.ee\\\/ru\\\/\",\"name\":\"Kiili Betoon\",\"description\":\"Aitame sul betoontoodetega kenama elupaiga luua! Valmistame betoonist tooteid, millega saab &uuml;mbruskonna ilusamaks, puhtamaks ja turvalisemaks muuta.\",\"publisher\":{\"@id\":\"https:\\\/\\\/kiilibetoon.ee\\\/ru\\\/#organization\"},\"potentialAction\":[{\"@type\":\"SearchAction\",\"target\":{\"@type\":\"EntryPoint\",\"urlTemplate\":\"https:\\\/\\\/kiilibetoon.ee\\\/ru\\\/?s={search_term_string}\"},\"query-input\":{\"@type\":\"PropertyValueSpecification\",\"valueRequired\":true,\"valueName\":\"search_term_string\"}}],\"inLanguage\":\"ru-RU\"},{\"@type\":\"Organization\",\"@id\":\"https:\\\/\\\/kiilibetoon.ee\\\/ru\\\/#organization\",\"name\":\"Kiili Betoon\",\"url\":\"https:\\\/\\\/kiilibetoon.ee\\\/ru\\\/\",\"logo\":{\"@type\":\"ImageObject\",\"inLanguage\":\"ru-RU\",\"@id\":\"https:\\\/\\\/kiilibetoon.ee\\\/ru\\\/#\\\/schema\\\/logo\\\/image\\\/\",\"url\":\"https:\\\/\\\/kiilibetoon.ee\\\/wp-content\\\/uploads\\\/2023\\\/02\\\/kiili-betoon-logod-must-hall-valge-muster-19.png\",\"contentUrl\":\"https:\\\/\\\/kiilibetoon.ee\\\/wp-content\\\/uploads\\\/2023\\\/02\\\/kiili-betoon-logod-must-hall-valge-muster-19.png\",\"width\":3334,\"height\":3334,\"caption\":\"Kiili Betoon\"},\"image\":{\"@id\":\"https:\\\/\\\/kiilibetoon.ee\\\/ru\\\/#\\\/schema\\\/logo\\\/image\\\/\"}}]}<\/script>\n<!-- \/ Yoast SEO plugin. -->","yoast_head_json":{"title":"Betoonplaat 1.7 - kohe olemas - Kiili Betoon","robots":{"index":"index","follow":"follow","max-snippet":"max-snippet:-1","max-image-preview":"max-image-preview:large","max-video-preview":"max-video-preview:-1"},"canonical":"https:\/\/kiilibetoon.ee\/ru\/betoonplaat-1-7-kohe-olemas-8\/","og_locale":"ru_RU","og_type":"article","og_title":"Betoonplaat 1.7 - kohe olemas - Kiili Betoon","og_description":"Tootel v\u00f5ib esineda visuaalseid v\u00f5i tehnilisi k\u00f5rvalekaldeid (nt pinnadefektid, m\u00f5rad v\u00f5i muud kosmeetilised vead).  M\u00f5\u00f5dud v\u00f5ivad varieeruda kuni \u00b110 mm.  Toote hind on t\u00fckihind.  Soovitame enne ostu sooritamist tutvuda toote t\u00e4pse seisukorraga. T\u00e4psema info saamiseks palume p\u00f6\u00f6rduda meie m\u00fc\u00fcgiesindaja poole.","og_url":"https:\/\/kiilibetoon.ee\/ru\/betoonplaat-1-7-kohe-olemas-8\/","og_site_name":"Kiili Betoon","article_modified_time":"2026-03-31T12:58:32+00:00","og_image":[{"width":2560,"height":2560,"url":"https:\/\/kiilibetoon.ee\/wp-content\/uploads\/2025\/12\/980x990x60mm-scaled.jpg","type":"image\/jpeg"}],"twitter_card":"summary_large_image","twitter_misc":{"\u041f\u0440\u0438\u043c\u0435\u0440\u043d\u043e\u0435 \u0432\u0440\u0435\u043c\u044f \u0434\u043b\u044f \u0447\u0442\u0435\u043d\u0438\u044f":"1 \u043c\u0438\u043d\u0443\u0442\u0430"},"schema":{"@context":"https:\/\/schema.org","@graph":[{"@type":"WebPage","@id":"https:\/\/kiilibetoon.ee\/ru\/betoonplaat-1-7-kohe-olemas-8\/","url":"https:\/\/kiilibetoon.ee\/ru\/betoonplaat-1-7-kohe-olemas-8\/","name":"Betoonplaat 1.7 - kohe olemas - Kiili Betoon","isPartOf":{"@id":"https:\/\/kiilibetoon.ee\/ru\/#website"},"primaryImageOfPage":{"@id":"https:\/\/kiilibetoon.ee\/ru\/betoonplaat-1-7-kohe-olemas-8\/#primaryimage"},"image":{"@id":"https:\/\/kiilibetoon.ee\/ru\/betoonplaat-1-7-kohe-olemas-8\/#primaryimage"},"thumbnailUrl":"https:\/\/kiilibetoon.ee\/wp-content\/uploads\/2025\/12\/980x990x60mm-scaled.jpg","datePublished":"2025-12-17T12:24:36+00:00","dateModified":"2026-03-31T12:58:32+00:00","breadcrumb":{"@id":"https:\/\/kiilibetoon.ee\/ru\/betoonplaat-1-7-kohe-olemas-8\/#breadcrumb"},"inLanguage":"ru-RU","potentialAction":[{"@type":"ReadAction","target":["https:\/\/kiilibetoon.ee\/ru\/betoonplaat-1-7-kohe-olemas-8\/"]}]},{"@type":"ImageObject","inLanguage":"ru-RU","@id":"https:\/\/kiilibetoon.ee\/ru\/betoonplaat-1-7-kohe-olemas-8\/#primaryimage","url":"https:\/\/kiilibetoon.ee\/wp-content\/uploads\/2025\/12\/980x990x60mm-scaled.jpg","contentUrl":"https:\/\/kiilibetoon.ee\/wp-content\/uploads\/2025\/12\/980x990x60mm-scaled.jpg","width":2560,"height":2560},{"@type":"BreadcrumbList","@id":"https:\/\/kiilibetoon.ee\/ru\/betoonplaat-1-7-kohe-olemas-8\/#breadcrumb","itemListElement":[{"@type":"ListItem","position":1,"name":"Home","item":"https:\/\/kiilibetoon.ee\/ru\/"},{"@type":"ListItem","position":2,"name":"\u0412\u0441\u0435 \u0442\u043e\u0432\u0430\u0440\u044b","item":"https:\/\/kiilibetoon.ee\/ru\/shop\/"},{"@type":"ListItem","position":3,"name":"Betoonplaat 1.7 &#8211; kohe olemas"}]},{"@type":"WebSite","@id":"https:\/\/kiilibetoon.ee\/ru\/#website","url":"https:\/\/kiilibetoon.ee\/ru\/","name":"Kiili Betoon","description":"Aitame sul betoontoodetega kenama elupaiga luua! Valmistame betoonist tooteid, millega saab &uuml;mbruskonna ilusamaks, puhtamaks ja turvalisemaks muuta.","publisher":{"@id":"https:\/\/kiilibetoon.ee\/ru\/#organization"},"potentialAction":[{"@type":"SearchAction","target":{"@type":"EntryPoint","urlTemplate":"https:\/\/kiilibetoon.ee\/ru\/?s={search_term_string}"},"query-input":{"@type":"PropertyValueSpecification","valueRequired":true,"valueName":"search_term_string"}}],"inLanguage":"ru-RU"},{"@type":"Organization","@id":"https:\/\/kiilibetoon.ee\/ru\/#organization","name":"Kiili Betoon","url":"https:\/\/kiilibetoon.ee\/ru\/","logo":{"@type":"ImageObject","inLanguage":"ru-RU","@id":"https:\/\/kiilibetoon.ee\/ru\/#\/schema\/logo\/image\/","url":"https:\/\/kiilibetoon.ee\/wp-content\/uploads\/2023\/02\/kiili-betoon-logod-must-hall-valge-muster-19.png","contentUrl":"https:\/\/kiilibetoon.ee\/wp-content\/uploads\/2023\/02\/kiili-betoon-logod-must-hall-valge-muster-19.png","width":3334,"height":3334,"caption":"Kiili Betoon"},"image":{"@id":"https:\/\/kiilibetoon.ee\/ru\/#\/schema\/logo\/image\/"}}]}},"_links":{"self":[{"href":"https:\/\/kiilibetoon.ee\/ru\/wp-json\/wp\/v2\/product\/65191","targetHints":{"allow":["GET"]}}],"collection":[{"href":"https:\/\/kiilibetoon.ee\/ru\/wp-json\/wp\/v2\/product"}],"about":[{"href":"https:\/\/kiilibetoon.ee\/ru\/wp-json\/wp\/v2\/types\/product"}],"replies":[{"embeddable":true,"href":"https:\/\/kiilibetoon.ee\/ru\/wp-json\/wp\/v2\/comments?post=65191"}],"wp:featuredmedia":[{"embeddable":true,"href":"https:\/\/kiilibetoon.ee\/ru\/wp-json\/wp\/v2\/media\/65192"}],"wp:attachment":[{"href":"https:\/\/kiilibetoon.ee\/ru\/wp-json\/wp\/v2\/media?parent=65191"}],"wp:term":[{"taxonomy":"product_brand","embeddable":true,"href":"https:\/\/kiilibetoon.ee\/ru\/wp-json\/wp\/v2\/product_brand?post=65191"},{"taxonomy":"product_cat","embeddable":true,"href":"https:\/\/kiilibetoon.ee\/ru\/wp-json\/wp\/v2\/product_cat?post=65191"},{"taxonomy":"product_tag","embeddable":true,"href":"https:\/\/kiilibetoon.ee\/ru\/wp-json\/wp\/v2\/product_tag?post=65191"}],"curies":[{"name":"wp","href":"https:\/\/api.w.org\/{rel}","templated":true}]}}