{"id":34331,"date":"2024-03-25T11:21:01","date_gmt":"2024-03-25T09:21:01","guid":{"rendered":"https:\/\/kiilibetoon.ee\/?post_type=product&#038;p=34331"},"modified":"2025-05-12T15:55:13","modified_gmt":"2025-05-12T12:55:13","slug":"kasvuhoone-vundament-17-20","status":"publish","type":"product","link":"https:\/\/kiilibetoon.ee\/ru\/kasvuhoone-vundament-17-20\/","title":{"rendered":"Kasvuhoone vundament 17.20"},"content":{"rendered":"<div class=\"w-full text-token-text-primary\" data-testid=\"conversation-turn-7\">\r\n<div class=\"px-4 py-2 justify-center text-base md:gap-6 m-auto\">\r\n<div class=\"flex flex-1 text-base mx-auto gap-3 md:px-5 lg:px-1 xl:px-5 md:max-w-3xl lg:max-w-[40rem] xl:max-w-[48rem] group\">\r\n<div class=\"relative flex w-full flex-col agent-turn\">\r\n<div class=\"flex-col gap-1 md:gap-3\">\r\n<div class=\"flex flex-grow flex-col max-w-full\">\r\n<div class=\"min-h-[20px] text-message flex flex-col items-start gap-3 whitespace-pre-wrap break-words [.text-message+&amp;]:mt-5 overflow-x-auto\" data-message-author-role=\"assistant\" data-message-id=\"1ab7156e-51b0-4fc8-8158-ceacff098f6f\">\r\n<div class=\"markdown prose w-full break-words dark:prose-invert light\">\r\n\r\nEnda pisike kasvuhoone tagumises aianurgas, m\u00f5lemal k\u00fcljel kiiguvad tuule k\u00e4es lavendlid. Lopsakad tomati-\u00a0 ja paprikataimed tervitavad sisse astudes imelise aroomiga.\r\n\r\nSee ei pea ainult unistuseks j\u00e4\u00e4ma, sest n\u00fc\u00fcd on kasvuhoone paigaldamine lihtne ja kiire!\r\n\r\n<span style=\"font-size: 16px; font-style: normal; font-weight: 400;\">Kombineerides betoonist vundamente spetsiaalselt nende sisse sobivate betoonplaatidega,<\/span><span style=\"font-size: 16px;\"> saad kiirelt kasvumajale vastupidava aluse.\u00a0<\/span>\r\n\r\nAsu kohe tegutsema &#8211; l<span style=\"font-size: 16px; font-style: normal; font-weight: 400;\">oo kena kasvuhoone ja tunne r\u00f5\u00f5mu rikkaliku saagi \u00fcle!<\/span>\r\n\r\n<\/div>\r\n<\/div>\r\n<\/div>\r\n<\/div>\r\n<\/div>\r\n<\/div>\r\n<\/div>\r\n<\/div>\r\n<div class=\"w-full text-token-text-primary\" data-testid=\"conversation-turn-8\">\r\n<div class=\"px-4 py-2 justify-center text-base md:gap-6 m-auto\">\r\n<div class=\"flex flex-1 text-base mx-auto gap-3 md:px-5 lg:px-1 xl:px-5 md:max-w-3xl lg:max-w-[40rem] xl:max-w-[48rem] group\">\r\n<div class=\"flex-shrink-0 flex flex-col relative items-end\">\r\n<div>\r\n<div class=\"pt-0.5\">\r\n<div class=\"gizmo-shadow-stroke flex h-6 w-6 items-center justify-center overflow-hidden rounded-full\"><\/div>\r\n<\/div>\r\n<\/div>\r\n<\/div>\r\n<\/div>\r\n<\/div>\r\n<\/div>","protected":false},"excerpt":{"rendered":"<div id=\"comp-k9mjfv30\" class=\"comp-k9mjfv30 SPY_vo\">\n<div class=\"\" data-mesh-id=\"comp-k9mjfv30inlineContent\" data-testid=\"inline-content\">\n<div data-mesh-id=\"comp-k9mjfv30inlineContent-gridContainer\" data-testid=\"mesh-container-content\">\n<div data-testid=\"richTextElement\">\n<div id=\"bgLayers_comp-kuziaam2\" class=\"MW5IWV\" data-hook=\"bgLayers\">\n<div id=\"bgMedia_comp-kuziaam2\" class=\"VgO9Yg\">\n<div id=\"bgLayers_comp-kuziaam2\" class=\"MW5IWV\" data-hook=\"bgLayers\">\n<div id=\"bgMedia_comp-kuziaam2\" class=\"VgO9Yg\">\n<div id=\"comp-jeveiez8\" class=\"KcpHeO tz5f0K comp-jeveiez8 wixui-rich-text\" data-testid=\"richTextElement\">Betoonist vundament on mugav lahendus sinu unistuste kasvuhoonele tugeva aluse tegemiseks.<\/div>\n<div data-testid=\"richTextElement\"><\/div>\n<\/div>\n<\/div>\n<\/div>\n<\/div>\n<div class=\"\" data-mesh-id=\"comp-kuziaam2inlineContent\" data-testid=\"inline-content\">\n<div data-mesh-id=\"comp-kuziaam2inlineContent-gridContainer\" data-testid=\"mesh-container-content\">\n<div id=\"comp-khxl63cc\" class=\"comp-khxl63cc SPY_vo\">\n<div class=\"\" data-mesh-id=\"comp-khxl63ccinlineContent\" data-testid=\"inline-content\">\n<div data-mesh-id=\"comp-khxl63ccinlineContent-gridContainer\" data-testid=\"mesh-container-content\">\n<div id=\"comp-jevdyg50\" class=\"KcpHeO tz5f0K comp-jevdyg50 wixui-rich-text\" data-testid=\"richTextElement\">\n<p>&nbsp;<\/p>\n<\/div>\n<div id=\"comp-jeve3dmo\" class=\"KcpHeO tz5f0K comp-jeve3dmo wixui-rich-text\" data-testid=\"richTextElement\">\n<p class=\"font_9 wixui-rich-text__text\">\n<\/div>\n<\/div>\n<\/div>\n<\/div>\n<div id=\"comp-jeveiez8\" class=\"KcpHeO tz5f0K comp-jeveiez8 wixui-rich-text\" data-testid=\"richTextElement\">\n<p class=\"font_7 wixui-rich-text__text\"><span class=\"wixui-rich-text__text\"><span class=\"color_25 wixui-rich-text__text\"><span class=\"wixGuard\">\u200b<\/span><\/span><\/span><\/p>\n<\/div>\n<div id=\"comp-k9mjfv30\" class=\"comp-k9mjfv30 SPY_vo\">\n<div class=\"\" data-mesh-id=\"comp-k9mjfv30inlineContent\" data-testid=\"inline-content\">\n<div data-mesh-id=\"comp-k9mjfv30inlineContent-gridContainer\" data-testid=\"mesh-container-content\">\n<div id=\"comp-jeveejw2\" class=\"BaOVQ8 tz5f0K comp-jeveejw2 wixui-rich-text\" data-testid=\"richTextElement\"><\/div>\n<div id=\"comp-jeveff1e\" class=\"BaOVQ8 tz5f0K comp-jeveff1e wixui-rich-text\" data-testid=\"richTextElement\">\n<p class=\"font_8 wixui-rich-text__text\">\n<\/div>\n<\/div>\n<\/div>\n<\/div>\n<\/div>\n<\/div>\n<\/div>\n<\/div>\n<\/div>\n<\/div>\n<p>&nbsp;<\/p>\n","protected":false},"featured_media":34335,"comment_status":"open","ping_status":"closed","template":"","meta":{"site-sidebar-layout":"default","site-content-layout":"default","ast-site-content-layout":"default","site-content-style":"default","site-sidebar-style":"default","ast-global-header-display":"","ast-banner-title-visibility":"","ast-main-header-display":"","ast-hfb-above-header-display":"","ast-hfb-below-header-display":"","ast-hfb-mobile-header-display":"","site-post-title":"","ast-breadcrumbs-content":"","ast-featured-img":"","footer-sml-layout":"","ast-disable-related-posts":"","theme-transparent-header-meta":"default","adv-header-id-meta":"","stick-header-meta":"default","header-above-stick-meta":"","header-main-stick-meta":"","header-below-stick-meta":"","astra-migrate-meta-layouts":"set","ast-page-background-enabled":"default","ast-page-background-meta":{"desktop":{"background-color":"var(--ast-global-color-4)","background-image":"","background-repeat":"repeat","background-position":"center center","background-size":"auto","background-attachment":"scroll","background-type":"","background-media":"","overlay-type":"","overlay-color":"","overlay-opacity":"","overlay-gradient":""},"tablet":{"background-color":"","background-image":"","background-repeat":"repeat","background-position":"center center","background-size":"auto","background-attachment":"scroll","background-type":"","background-media":"","overlay-type":"","overlay-color":"","overlay-opacity":"","overlay-gradient":""},"mobile":{"background-color":"","background-image":"","background-repeat":"repeat","background-position":"center center","background-size":"auto","background-attachment":"scroll","background-type":"","background-media":"","overlay-type":"","overlay-color":"","overlay-opacity":"","overlay-gradient":""}},"ast-content-background-meta":{"desktop":{"background-color":"var(--ast-global-color-5)","background-image":"","background-repeat":"repeat","background-position":"center center","background-size":"auto","background-attachment":"scroll","background-type":"","background-media":"","overlay-type":"","overlay-color":"","overlay-opacity":"","overlay-gradient":""},"tablet":{"background-color":"var(--ast-global-color-5)","background-image":"","background-repeat":"repeat","background-position":"center center","background-size":"auto","background-attachment":"scroll","background-type":"","background-media":"","overlay-type":"","overlay-color":"","overlay-opacity":"","overlay-gradient":""},"mobile":{"background-color":"var(--ast-global-color-5)","background-image":"","background-repeat":"repeat","background-position":"center center","background-size":"auto","background-attachment":"scroll","background-type":"","background-media":"","overlay-type":"","overlay-color":"","overlay-opacity":"","overlay-gradient":""}}},"product_brand":[],"product_cat":[23,45,53,44],"product_tag":[],"class_list":{"0":"post-34331","1":"product","2":"type-product","3":"status-publish","4":"has-post-thumbnail","6":"product_cat-aia-ja-linnadisain","7":"product_cat-alused-raskused","8":"product_cat-infrastruktuuriehitus","9":"product_cat-vundamendid","10":"desktop-align-left","11":"tablet-align-left","12":"mobile-align-left","13":"ast-product-gallery-layout-horizontal-slider","14":"ast-product-single-variable","15":"ast-product-tabs-layout-horizontal","16":"ast-qv-on-image","18":"first","19":"instock","20":"taxable","21":"shipping-taxable","22":"purchasable","23":"product-type-variable","24":"wvs-archive-product-wrapper"},"yoast_head":"<!-- This site is optimized with the Yoast SEO plugin v27.3 - https:\/\/yoast.com\/product\/yoast-seo-wordpress\/ -->\n<title>Kasvuhoone vundament 17.20 - Kiili Betoon<\/title>\n<meta name=\"robots\" content=\"index, follow, max-snippet:-1, max-image-preview:large, max-video-preview:-1\" \/>\n<link rel=\"canonical\" href=\"https:\/\/kiilibetoon.ee\/ru\/kasvuhoone-vundament-17-20\/\" \/>\n<meta property=\"og:locale\" content=\"ru_RU\" \/>\n<meta property=\"og:type\" content=\"article\" \/>\n<meta property=\"og:title\" content=\"Kasvuhoone vundament 17.20 - Kiili Betoon\" \/>\n<meta property=\"og:description\" content=\"Betoonist vundament on mugav lahendus sinu unistuste kasvuhoonele tugeva aluse tegemiseks.             &nbsp;           \u200b                    &nbsp;\" \/>\n<meta property=\"og:url\" content=\"https:\/\/kiilibetoon.ee\/ru\/kasvuhoone-vundament-17-20\/\" \/>\n<meta property=\"og:site_name\" content=\"Kiili Betoon\" \/>\n<meta property=\"article:modified_time\" content=\"2025-05-12T12:55:13+00:00\" \/>\n<meta property=\"og:image\" content=\"https:\/\/kiilibetoon.ee\/wp-content\/uploads\/2024\/03\/Kasvuhoone-betoonist-vundament-17.20.png\" \/>\n\t<meta property=\"og:image:width\" content=\"700\" \/>\n\t<meta property=\"og:image:height\" content=\"1000\" \/>\n\t<meta property=\"og:image:type\" content=\"image\/png\" \/>\n<meta name=\"twitter:card\" content=\"summary_large_image\" \/>\n<meta name=\"twitter:label1\" content=\"\u041f\u0440\u0438\u043c\u0435\u0440\u043d\u043e\u0435 \u0432\u0440\u0435\u043c\u044f \u0434\u043b\u044f \u0447\u0442\u0435\u043d\u0438\u044f\" \/>\n\t<meta name=\"twitter:data1\" content=\"1 \u043c\u0438\u043d\u0443\u0442\u0430\" \/>\n<script type=\"application\/ld+json\" class=\"yoast-schema-graph\">{\"@context\":\"https:\\\/\\\/schema.org\",\"@graph\":[{\"@type\":\"WebPage\",\"@id\":\"https:\\\/\\\/kiilibetoon.ee\\\/ru\\\/kasvuhoone-vundament-17-20\\\/\",\"url\":\"https:\\\/\\\/kiilibetoon.ee\\\/ru\\\/kasvuhoone-vundament-17-20\\\/\",\"name\":\"Kasvuhoone vundament 17.20 - Kiili Betoon\",\"isPartOf\":{\"@id\":\"https:\\\/\\\/kiilibetoon.ee\\\/ru\\\/#website\"},\"primaryImageOfPage\":{\"@id\":\"https:\\\/\\\/kiilibetoon.ee\\\/ru\\\/kasvuhoone-vundament-17-20\\\/#primaryimage\"},\"image\":{\"@id\":\"https:\\\/\\\/kiilibetoon.ee\\\/ru\\\/kasvuhoone-vundament-17-20\\\/#primaryimage\"},\"thumbnailUrl\":\"https:\\\/\\\/kiilibetoon.ee\\\/wp-content\\\/uploads\\\/2024\\\/03\\\/Kasvuhoone-betoonist-vundament-17.20.png\",\"datePublished\":\"2024-03-25T09:21:01+00:00\",\"dateModified\":\"2025-05-12T12:55:13+00:00\",\"breadcrumb\":{\"@id\":\"https:\\\/\\\/kiilibetoon.ee\\\/ru\\\/kasvuhoone-vundament-17-20\\\/#breadcrumb\"},\"inLanguage\":\"ru-RU\",\"potentialAction\":[{\"@type\":\"ReadAction\",\"target\":[\"https:\\\/\\\/kiilibetoon.ee\\\/ru\\\/kasvuhoone-vundament-17-20\\\/\"]}]},{\"@type\":\"ImageObject\",\"inLanguage\":\"ru-RU\",\"@id\":\"https:\\\/\\\/kiilibetoon.ee\\\/ru\\\/kasvuhoone-vundament-17-20\\\/#primaryimage\",\"url\":\"https:\\\/\\\/kiilibetoon.ee\\\/wp-content\\\/uploads\\\/2024\\\/03\\\/Kasvuhoone-betoonist-vundament-17.20.png\",\"contentUrl\":\"https:\\\/\\\/kiilibetoon.ee\\\/wp-content\\\/uploads\\\/2024\\\/03\\\/Kasvuhoone-betoonist-vundament-17.20.png\",\"width\":700,\"height\":1000},{\"@type\":\"BreadcrumbList\",\"@id\":\"https:\\\/\\\/kiilibetoon.ee\\\/ru\\\/kasvuhoone-vundament-17-20\\\/#breadcrumb\",\"itemListElement\":[{\"@type\":\"ListItem\",\"position\":1,\"name\":\"Home\",\"item\":\"https:\\\/\\\/kiilibetoon.ee\\\/ru\\\/\"},{\"@type\":\"ListItem\",\"position\":2,\"name\":\"\u0412\u0441\u0435 \u0442\u043e\u0432\u0430\u0440\u044b\",\"item\":\"https:\\\/\\\/kiilibetoon.ee\\\/ru\\\/shop\\\/\"},{\"@type\":\"ListItem\",\"position\":3,\"name\":\"Kasvuhoone vundament 17.20\"}]},{\"@type\":\"WebSite\",\"@id\":\"https:\\\/\\\/kiilibetoon.ee\\\/ru\\\/#website\",\"url\":\"https:\\\/\\\/kiilibetoon.ee\\\/ru\\\/\",\"name\":\"Kiili Betoon\",\"description\":\"Aitame sul betoontoodetega kenama elupaiga luua! Valmistame betoonist tooteid, millega saab &uuml;mbruskonna ilusamaks, puhtamaks ja turvalisemaks muuta.\",\"publisher\":{\"@id\":\"https:\\\/\\\/kiilibetoon.ee\\\/ru\\\/#organization\"},\"potentialAction\":[{\"@type\":\"SearchAction\",\"target\":{\"@type\":\"EntryPoint\",\"urlTemplate\":\"https:\\\/\\\/kiilibetoon.ee\\\/ru\\\/?s={search_term_string}\"},\"query-input\":{\"@type\":\"PropertyValueSpecification\",\"valueRequired\":true,\"valueName\":\"search_term_string\"}}],\"inLanguage\":\"ru-RU\"},{\"@type\":\"Organization\",\"@id\":\"https:\\\/\\\/kiilibetoon.ee\\\/ru\\\/#organization\",\"name\":\"Kiili Betoon\",\"url\":\"https:\\\/\\\/kiilibetoon.ee\\\/ru\\\/\",\"logo\":{\"@type\":\"ImageObject\",\"inLanguage\":\"ru-RU\",\"@id\":\"https:\\\/\\\/kiilibetoon.ee\\\/ru\\\/#\\\/schema\\\/logo\\\/image\\\/\",\"url\":\"https:\\\/\\\/kiilibetoon.ee\\\/wp-content\\\/uploads\\\/2023\\\/02\\\/kiili-betoon-logod-must-hall-valge-muster-19.png\",\"contentUrl\":\"https:\\\/\\\/kiilibetoon.ee\\\/wp-content\\\/uploads\\\/2023\\\/02\\\/kiili-betoon-logod-must-hall-valge-muster-19.png\",\"width\":3334,\"height\":3334,\"caption\":\"Kiili Betoon\"},\"image\":{\"@id\":\"https:\\\/\\\/kiilibetoon.ee\\\/ru\\\/#\\\/schema\\\/logo\\\/image\\\/\"}}]}<\/script>\n<!-- \/ Yoast SEO plugin. -->","yoast_head_json":{"title":"Kasvuhoone vundament 17.20 - Kiili Betoon","robots":{"index":"index","follow":"follow","max-snippet":"max-snippet:-1","max-image-preview":"max-image-preview:large","max-video-preview":"max-video-preview:-1"},"canonical":"https:\/\/kiilibetoon.ee\/ru\/kasvuhoone-vundament-17-20\/","og_locale":"ru_RU","og_type":"article","og_title":"Kasvuhoone vundament 17.20 - Kiili Betoon","og_description":"Betoonist vundament on mugav lahendus sinu unistuste kasvuhoonele tugeva aluse tegemiseks.             &nbsp;           \u200b                    &nbsp;","og_url":"https:\/\/kiilibetoon.ee\/ru\/kasvuhoone-vundament-17-20\/","og_site_name":"Kiili Betoon","article_modified_time":"2025-05-12T12:55:13+00:00","og_image":[{"width":700,"height":1000,"url":"https:\/\/kiilibetoon.ee\/wp-content\/uploads\/2024\/03\/Kasvuhoone-betoonist-vundament-17.20.png","type":"image\/png"}],"twitter_card":"summary_large_image","twitter_misc":{"\u041f\u0440\u0438\u043c\u0435\u0440\u043d\u043e\u0435 \u0432\u0440\u0435\u043c\u044f \u0434\u043b\u044f \u0447\u0442\u0435\u043d\u0438\u044f":"1 \u043c\u0438\u043d\u0443\u0442\u0430"},"schema":{"@context":"https:\/\/schema.org","@graph":[{"@type":"WebPage","@id":"https:\/\/kiilibetoon.ee\/ru\/kasvuhoone-vundament-17-20\/","url":"https:\/\/kiilibetoon.ee\/ru\/kasvuhoone-vundament-17-20\/","name":"Kasvuhoone vundament 17.20 - Kiili Betoon","isPartOf":{"@id":"https:\/\/kiilibetoon.ee\/ru\/#website"},"primaryImageOfPage":{"@id":"https:\/\/kiilibetoon.ee\/ru\/kasvuhoone-vundament-17-20\/#primaryimage"},"image":{"@id":"https:\/\/kiilibetoon.ee\/ru\/kasvuhoone-vundament-17-20\/#primaryimage"},"thumbnailUrl":"https:\/\/kiilibetoon.ee\/wp-content\/uploads\/2024\/03\/Kasvuhoone-betoonist-vundament-17.20.png","datePublished":"2024-03-25T09:21:01+00:00","dateModified":"2025-05-12T12:55:13+00:00","breadcrumb":{"@id":"https:\/\/kiilibetoon.ee\/ru\/kasvuhoone-vundament-17-20\/#breadcrumb"},"inLanguage":"ru-RU","potentialAction":[{"@type":"ReadAction","target":["https:\/\/kiilibetoon.ee\/ru\/kasvuhoone-vundament-17-20\/"]}]},{"@type":"ImageObject","inLanguage":"ru-RU","@id":"https:\/\/kiilibetoon.ee\/ru\/kasvuhoone-vundament-17-20\/#primaryimage","url":"https:\/\/kiilibetoon.ee\/wp-content\/uploads\/2024\/03\/Kasvuhoone-betoonist-vundament-17.20.png","contentUrl":"https:\/\/kiilibetoon.ee\/wp-content\/uploads\/2024\/03\/Kasvuhoone-betoonist-vundament-17.20.png","width":700,"height":1000},{"@type":"BreadcrumbList","@id":"https:\/\/kiilibetoon.ee\/ru\/kasvuhoone-vundament-17-20\/#breadcrumb","itemListElement":[{"@type":"ListItem","position":1,"name":"Home","item":"https:\/\/kiilibetoon.ee\/ru\/"},{"@type":"ListItem","position":2,"name":"\u0412\u0441\u0435 \u0442\u043e\u0432\u0430\u0440\u044b","item":"https:\/\/kiilibetoon.ee\/ru\/shop\/"},{"@type":"ListItem","position":3,"name":"Kasvuhoone vundament 17.20"}]},{"@type":"WebSite","@id":"https:\/\/kiilibetoon.ee\/ru\/#website","url":"https:\/\/kiilibetoon.ee\/ru\/","name":"Kiili Betoon","description":"Aitame sul betoontoodetega kenama elupaiga luua! Valmistame betoonist tooteid, millega saab &uuml;mbruskonna ilusamaks, puhtamaks ja turvalisemaks muuta.","publisher":{"@id":"https:\/\/kiilibetoon.ee\/ru\/#organization"},"potentialAction":[{"@type":"SearchAction","target":{"@type":"EntryPoint","urlTemplate":"https:\/\/kiilibetoon.ee\/ru\/?s={search_term_string}"},"query-input":{"@type":"PropertyValueSpecification","valueRequired":true,"valueName":"search_term_string"}}],"inLanguage":"ru-RU"},{"@type":"Organization","@id":"https:\/\/kiilibetoon.ee\/ru\/#organization","name":"Kiili Betoon","url":"https:\/\/kiilibetoon.ee\/ru\/","logo":{"@type":"ImageObject","inLanguage":"ru-RU","@id":"https:\/\/kiilibetoon.ee\/ru\/#\/schema\/logo\/image\/","url":"https:\/\/kiilibetoon.ee\/wp-content\/uploads\/2023\/02\/kiili-betoon-logod-must-hall-valge-muster-19.png","contentUrl":"https:\/\/kiilibetoon.ee\/wp-content\/uploads\/2023\/02\/kiili-betoon-logod-must-hall-valge-muster-19.png","width":3334,"height":3334,"caption":"Kiili Betoon"},"image":{"@id":"https:\/\/kiilibetoon.ee\/ru\/#\/schema\/logo\/image\/"}}]}},"_links":{"self":[{"href":"https:\/\/kiilibetoon.ee\/ru\/wp-json\/wp\/v2\/product\/34331","targetHints":{"allow":["GET"]}}],"collection":[{"href":"https:\/\/kiilibetoon.ee\/ru\/wp-json\/wp\/v2\/product"}],"about":[{"href":"https:\/\/kiilibetoon.ee\/ru\/wp-json\/wp\/v2\/types\/product"}],"replies":[{"embeddable":true,"href":"https:\/\/kiilibetoon.ee\/ru\/wp-json\/wp\/v2\/comments?post=34331"}],"wp:featuredmedia":[{"embeddable":true,"href":"https:\/\/kiilibetoon.ee\/ru\/wp-json\/wp\/v2\/media\/34335"}],"wp:attachment":[{"href":"https:\/\/kiilibetoon.ee\/ru\/wp-json\/wp\/v2\/media?parent=34331"}],"wp:term":[{"taxonomy":"product_brand","embeddable":true,"href":"https:\/\/kiilibetoon.ee\/ru\/wp-json\/wp\/v2\/product_brand?post=34331"},{"taxonomy":"product_cat","embeddable":true,"href":"https:\/\/kiilibetoon.ee\/ru\/wp-json\/wp\/v2\/product_cat?post=34331"},{"taxonomy":"product_tag","embeddable":true,"href":"https:\/\/kiilibetoon.ee\/ru\/wp-json\/wp\/v2\/product_tag?post=34331"}],"curies":[{"name":"wp","href":"https:\/\/api.w.org\/{rel}","templated":true}]}}