{"id":30983,"date":"2023-11-17T12:38:36","date_gmt":"2023-11-17T12:38:36","guid":{"rendered":"https:\/\/kiilibetoon.ee\/?post_type=product&#038;p=30983"},"modified":"2025-09-24T11:57:27","modified_gmt":"2025-09-24T08:57:27","slug":"silebetoonist-laud-10001000750-7-29-1","status":"publish","type":"product","link":"https:\/\/kiilibetoon.ee\/ru\/silebetoonist-laud-10001000750-7-29-1\/","title":{"rendered":"Silebetoonist laud 1000*1000*750 &#8211; 7.29.1"},"content":{"rendered":"Pealtn\u00e4ha tagasihoidlik, aga tegelikult v\u00e4ga asjalik betoonist laud on vastupidav ja sobib imeh\u00e4sti v\u00e4litingimustesse. See talub l\u00f5putuid p\u00e4ikesepaistelisi p\u00e4evi, vihmaseid \u00f6id ja isegi kassi teravaid k\u00fc\u00fcniseid. Lisaks on selle minimalistlik disain l\u00e4bi aegade stiilne \u2013 laud on \u00e4ge nii 2024 kui 2044! Kui soovid \u00f5uealale pilkup\u00fc\u00fcdvat m\u00f6\u00f6blit, siis vali see silebetoonist laud. Tellijani j\u00f5uab toode kokkupanduna.\r\n\r\nLaud moodustab m\u00f5nusa komplekti pingiga <span style=\"color: #bb7f3d;\"><a style=\"color: #bb7f3d;\" href=\"https:\/\/kiilibetoon.ee\/silebetoonist-pink-500500450-7-28-1\/\">7.28.1<\/a><\/span>.","protected":false},"excerpt":{"rendered":"<p>Minimalistlik silebetoonist laud v\u00e4lialale on stiilne ja vastupidav lahendus selleks, et luua avalikus ruumis sotsialiseerumise kohti.<\/p>\n<p>&nbsp;<\/p>\n","protected":false},"featured_media":994,"comment_status":"open","ping_status":"closed","template":"","meta":{"site-sidebar-layout":"default","site-content-layout":"default","ast-site-content-layout":"default","site-content-style":"default","site-sidebar-style":"default","ast-global-header-display":"","ast-banner-title-visibility":"","ast-main-header-display":"","ast-hfb-above-header-display":"","ast-hfb-below-header-display":"","ast-hfb-mobile-header-display":"","site-post-title":"","ast-breadcrumbs-content":"","ast-featured-img":"","footer-sml-layout":"","ast-disable-related-posts":"","theme-transparent-header-meta":"default","adv-header-id-meta":"","stick-header-meta":"default","header-above-stick-meta":"","header-main-stick-meta":"","header-below-stick-meta":"","astra-migrate-meta-layouts":"set","ast-page-background-enabled":"default","ast-page-background-meta":{"desktop":{"background-color":"var(--ast-global-color-4)","background-image":"","background-repeat":"repeat","background-position":"center center","background-size":"auto","background-attachment":"scroll","background-type":"","background-media":"","overlay-type":"","overlay-color":"","overlay-opacity":"","overlay-gradient":""},"tablet":{"background-color":"","background-image":"","background-repeat":"repeat","background-position":"center center","background-size":"auto","background-attachment":"scroll","background-type":"","background-media":"","overlay-type":"","overlay-color":"","overlay-opacity":"","overlay-gradient":""},"mobile":{"background-color":"","background-image":"","background-repeat":"repeat","background-position":"center center","background-size":"auto","background-attachment":"scroll","background-type":"","background-media":"","overlay-type":"","overlay-color":"","overlay-opacity":"","overlay-gradient":""}},"ast-content-background-meta":{"desktop":{"background-color":"var(--ast-global-color-5)","background-image":"","background-repeat":"repeat","background-position":"center center","background-size":"auto","background-attachment":"scroll","background-type":"","background-media":"","overlay-type":"","overlay-color":"","overlay-opacity":"","overlay-gradient":""},"tablet":{"background-color":"var(--ast-global-color-5)","background-image":"","background-repeat":"repeat","background-position":"center center","background-size":"auto","background-attachment":"scroll","background-type":"","background-media":"","overlay-type":"","overlay-color":"","overlay-opacity":"","overlay-gradient":""},"mobile":{"background-color":"var(--ast-global-color-5)","background-image":"","background-repeat":"repeat","background-position":"center center","background-size":"auto","background-attachment":"scroll","background-type":"","background-media":"","overlay-type":"","overlay-color":"","overlay-opacity":"","overlay-gradient":""}}},"product_brand":[],"product_cat":[23,26,58],"product_tag":[],"class_list":{"0":"post-30983","1":"product","2":"type-product","3":"status-publish","4":"has-post-thumbnail","6":"product_cat-aia-ja-linnadisain","7":"product_cat-lauad","8":"product_cat-valimoobel","9":"desktop-align-left","10":"tablet-align-left","11":"mobile-align-left","12":"ast-product-gallery-layout-horizontal-slider","13":"ast-product-single-variable","14":"ast-product-tabs-layout-horizontal","15":"ast-qv-on-image","17":"first","18":"instock","19":"taxable","20":"shipping-taxable","21":"purchasable","22":"product-type-variable","23":"wvs-archive-product-wrapper"},"yoast_head":"<!-- This site is optimized with the Yoast SEO plugin v27.3 - https:\/\/yoast.com\/product\/yoast-seo-wordpress\/ -->\n<title>Silebetoonist laud 1000*1000*750 - 7.29.1 - Kiili Betoon<\/title>\n<meta name=\"robots\" content=\"index, follow, max-snippet:-1, max-image-preview:large, max-video-preview:-1\" \/>\n<link rel=\"canonical\" href=\"https:\/\/kiilibetoon.ee\/ru\/silebetoonist-laud-10001000750-7-29-1\/\" \/>\n<meta property=\"og:locale\" content=\"ru_RU\" \/>\n<meta property=\"og:type\" content=\"article\" \/>\n<meta property=\"og:title\" content=\"Silebetoonist laud 1000*1000*750 - 7.29.1 - Kiili Betoon\" \/>\n<meta property=\"og:description\" content=\"Minimalistlik silebetoonist laud v\u00e4lialale on stiilne ja vastupidav lahendus selleks, et luua avalikus ruumis sotsialiseerumise kohti.  &nbsp;\" \/>\n<meta property=\"og:url\" content=\"https:\/\/kiilibetoon.ee\/ru\/silebetoonist-laud-10001000750-7-29-1\/\" \/>\n<meta property=\"og:site_name\" content=\"Kiili Betoon\" \/>\n<meta property=\"article:modified_time\" content=\"2025-09-24T08:57:27+00:00\" \/>\n<meta property=\"og:image\" content=\"https:\/\/kiilibetoon.ee\/wp-content\/uploads\/2023\/05\/7.29.1-9-scaled.jpg\" \/>\n\t<meta property=\"og:image:width\" content=\"2560\" \/>\n\t<meta property=\"og:image:height\" content=\"1537\" \/>\n\t<meta property=\"og:image:type\" content=\"image\/jpeg\" \/>\n<meta name=\"twitter:card\" content=\"summary_large_image\" \/>\n<meta name=\"twitter:label1\" content=\"\u041f\u0440\u0438\u043c\u0435\u0440\u043d\u043e\u0435 \u0432\u0440\u0435\u043c\u044f \u0434\u043b\u044f \u0447\u0442\u0435\u043d\u0438\u044f\" \/>\n\t<meta name=\"twitter:data1\" content=\"1 \u043c\u0438\u043d\u0443\u0442\u0430\" \/>\n<script type=\"application\/ld+json\" class=\"yoast-schema-graph\">{\"@context\":\"https:\\\/\\\/schema.org\",\"@graph\":[{\"@type\":\"WebPage\",\"@id\":\"https:\\\/\\\/kiilibetoon.ee\\\/ru\\\/silebetoonist-laud-10001000750-7-29-1\\\/\",\"url\":\"https:\\\/\\\/kiilibetoon.ee\\\/ru\\\/silebetoonist-laud-10001000750-7-29-1\\\/\",\"name\":\"Silebetoonist laud 1000*1000*750 - 7.29.1 - Kiili Betoon\",\"isPartOf\":{\"@id\":\"https:\\\/\\\/kiilibetoon.ee\\\/ru\\\/#website\"},\"primaryImageOfPage\":{\"@id\":\"https:\\\/\\\/kiilibetoon.ee\\\/ru\\\/silebetoonist-laud-10001000750-7-29-1\\\/#primaryimage\"},\"image\":{\"@id\":\"https:\\\/\\\/kiilibetoon.ee\\\/ru\\\/silebetoonist-laud-10001000750-7-29-1\\\/#primaryimage\"},\"thumbnailUrl\":\"https:\\\/\\\/kiilibetoon.ee\\\/wp-content\\\/uploads\\\/2023\\\/05\\\/7.29.1-9-scaled.jpg\",\"datePublished\":\"2023-11-17T12:38:36+00:00\",\"dateModified\":\"2025-09-24T08:57:27+00:00\",\"breadcrumb\":{\"@id\":\"https:\\\/\\\/kiilibetoon.ee\\\/ru\\\/silebetoonist-laud-10001000750-7-29-1\\\/#breadcrumb\"},\"inLanguage\":\"ru-RU\",\"potentialAction\":[{\"@type\":\"ReadAction\",\"target\":[\"https:\\\/\\\/kiilibetoon.ee\\\/ru\\\/silebetoonist-laud-10001000750-7-29-1\\\/\"]}]},{\"@type\":\"ImageObject\",\"inLanguage\":\"ru-RU\",\"@id\":\"https:\\\/\\\/kiilibetoon.ee\\\/ru\\\/silebetoonist-laud-10001000750-7-29-1\\\/#primaryimage\",\"url\":\"https:\\\/\\\/kiilibetoon.ee\\\/wp-content\\\/uploads\\\/2023\\\/05\\\/7.29.1-9-scaled.jpg\",\"contentUrl\":\"https:\\\/\\\/kiilibetoon.ee\\\/wp-content\\\/uploads\\\/2023\\\/05\\\/7.29.1-9-scaled.jpg\",\"width\":2560,\"height\":1537},{\"@type\":\"BreadcrumbList\",\"@id\":\"https:\\\/\\\/kiilibetoon.ee\\\/ru\\\/silebetoonist-laud-10001000750-7-29-1\\\/#breadcrumb\",\"itemListElement\":[{\"@type\":\"ListItem\",\"position\":1,\"name\":\"Home\",\"item\":\"https:\\\/\\\/kiilibetoon.ee\\\/ru\\\/\"},{\"@type\":\"ListItem\",\"position\":2,\"name\":\"\u0412\u0441\u0435 \u0442\u043e\u0432\u0430\u0440\u044b\",\"item\":\"https:\\\/\\\/kiilibetoon.ee\\\/ru\\\/shop\\\/\"},{\"@type\":\"ListItem\",\"position\":3,\"name\":\"Silebetoonist laud 1000*1000*750 &#8211; 7.29.1\"}]},{\"@type\":\"WebSite\",\"@id\":\"https:\\\/\\\/kiilibetoon.ee\\\/ru\\\/#website\",\"url\":\"https:\\\/\\\/kiilibetoon.ee\\\/ru\\\/\",\"name\":\"Kiili Betoon\",\"description\":\"Aitame sul betoontoodetega kenama elupaiga luua! Valmistame betoonist tooteid, millega saab &uuml;mbruskonna ilusamaks, puhtamaks ja turvalisemaks muuta.\",\"publisher\":{\"@id\":\"https:\\\/\\\/kiilibetoon.ee\\\/ru\\\/#organization\"},\"potentialAction\":[{\"@type\":\"SearchAction\",\"target\":{\"@type\":\"EntryPoint\",\"urlTemplate\":\"https:\\\/\\\/kiilibetoon.ee\\\/ru\\\/?s={search_term_string}\"},\"query-input\":{\"@type\":\"PropertyValueSpecification\",\"valueRequired\":true,\"valueName\":\"search_term_string\"}}],\"inLanguage\":\"ru-RU\"},{\"@type\":\"Organization\",\"@id\":\"https:\\\/\\\/kiilibetoon.ee\\\/ru\\\/#organization\",\"name\":\"Kiili Betoon\",\"url\":\"https:\\\/\\\/kiilibetoon.ee\\\/ru\\\/\",\"logo\":{\"@type\":\"ImageObject\",\"inLanguage\":\"ru-RU\",\"@id\":\"https:\\\/\\\/kiilibetoon.ee\\\/ru\\\/#\\\/schema\\\/logo\\\/image\\\/\",\"url\":\"https:\\\/\\\/kiilibetoon.ee\\\/wp-content\\\/uploads\\\/2023\\\/02\\\/kiili-betoon-logod-must-hall-valge-muster-19.png\",\"contentUrl\":\"https:\\\/\\\/kiilibetoon.ee\\\/wp-content\\\/uploads\\\/2023\\\/02\\\/kiili-betoon-logod-must-hall-valge-muster-19.png\",\"width\":3334,\"height\":3334,\"caption\":\"Kiili Betoon\"},\"image\":{\"@id\":\"https:\\\/\\\/kiilibetoon.ee\\\/ru\\\/#\\\/schema\\\/logo\\\/image\\\/\"}}]}<\/script>\n<!-- \/ Yoast SEO plugin. -->","yoast_head_json":{"title":"Silebetoonist laud 1000*1000*750 - 7.29.1 - Kiili Betoon","robots":{"index":"index","follow":"follow","max-snippet":"max-snippet:-1","max-image-preview":"max-image-preview:large","max-video-preview":"max-video-preview:-1"},"canonical":"https:\/\/kiilibetoon.ee\/ru\/silebetoonist-laud-10001000750-7-29-1\/","og_locale":"ru_RU","og_type":"article","og_title":"Silebetoonist laud 1000*1000*750 - 7.29.1 - Kiili Betoon","og_description":"Minimalistlik silebetoonist laud v\u00e4lialale on stiilne ja vastupidav lahendus selleks, et luua avalikus ruumis sotsialiseerumise kohti.  &nbsp;","og_url":"https:\/\/kiilibetoon.ee\/ru\/silebetoonist-laud-10001000750-7-29-1\/","og_site_name":"Kiili Betoon","article_modified_time":"2025-09-24T08:57:27+00:00","og_image":[{"width":2560,"height":1537,"url":"https:\/\/kiilibetoon.ee\/wp-content\/uploads\/2023\/05\/7.29.1-9-scaled.jpg","type":"image\/jpeg"}],"twitter_card":"summary_large_image","twitter_misc":{"\u041f\u0440\u0438\u043c\u0435\u0440\u043d\u043e\u0435 \u0432\u0440\u0435\u043c\u044f \u0434\u043b\u044f \u0447\u0442\u0435\u043d\u0438\u044f":"1 \u043c\u0438\u043d\u0443\u0442\u0430"},"schema":{"@context":"https:\/\/schema.org","@graph":[{"@type":"WebPage","@id":"https:\/\/kiilibetoon.ee\/ru\/silebetoonist-laud-10001000750-7-29-1\/","url":"https:\/\/kiilibetoon.ee\/ru\/silebetoonist-laud-10001000750-7-29-1\/","name":"Silebetoonist laud 1000*1000*750 - 7.29.1 - Kiili Betoon","isPartOf":{"@id":"https:\/\/kiilibetoon.ee\/ru\/#website"},"primaryImageOfPage":{"@id":"https:\/\/kiilibetoon.ee\/ru\/silebetoonist-laud-10001000750-7-29-1\/#primaryimage"},"image":{"@id":"https:\/\/kiilibetoon.ee\/ru\/silebetoonist-laud-10001000750-7-29-1\/#primaryimage"},"thumbnailUrl":"https:\/\/kiilibetoon.ee\/wp-content\/uploads\/2023\/05\/7.29.1-9-scaled.jpg","datePublished":"2023-11-17T12:38:36+00:00","dateModified":"2025-09-24T08:57:27+00:00","breadcrumb":{"@id":"https:\/\/kiilibetoon.ee\/ru\/silebetoonist-laud-10001000750-7-29-1\/#breadcrumb"},"inLanguage":"ru-RU","potentialAction":[{"@type":"ReadAction","target":["https:\/\/kiilibetoon.ee\/ru\/silebetoonist-laud-10001000750-7-29-1\/"]}]},{"@type":"ImageObject","inLanguage":"ru-RU","@id":"https:\/\/kiilibetoon.ee\/ru\/silebetoonist-laud-10001000750-7-29-1\/#primaryimage","url":"https:\/\/kiilibetoon.ee\/wp-content\/uploads\/2023\/05\/7.29.1-9-scaled.jpg","contentUrl":"https:\/\/kiilibetoon.ee\/wp-content\/uploads\/2023\/05\/7.29.1-9-scaled.jpg","width":2560,"height":1537},{"@type":"BreadcrumbList","@id":"https:\/\/kiilibetoon.ee\/ru\/silebetoonist-laud-10001000750-7-29-1\/#breadcrumb","itemListElement":[{"@type":"ListItem","position":1,"name":"Home","item":"https:\/\/kiilibetoon.ee\/ru\/"},{"@type":"ListItem","position":2,"name":"\u0412\u0441\u0435 \u0442\u043e\u0432\u0430\u0440\u044b","item":"https:\/\/kiilibetoon.ee\/ru\/shop\/"},{"@type":"ListItem","position":3,"name":"Silebetoonist laud 1000*1000*750 &#8211; 7.29.1"}]},{"@type":"WebSite","@id":"https:\/\/kiilibetoon.ee\/ru\/#website","url":"https:\/\/kiilibetoon.ee\/ru\/","name":"Kiili Betoon","description":"Aitame sul betoontoodetega kenama elupaiga luua! Valmistame betoonist tooteid, millega saab &uuml;mbruskonna ilusamaks, puhtamaks ja turvalisemaks muuta.","publisher":{"@id":"https:\/\/kiilibetoon.ee\/ru\/#organization"},"potentialAction":[{"@type":"SearchAction","target":{"@type":"EntryPoint","urlTemplate":"https:\/\/kiilibetoon.ee\/ru\/?s={search_term_string}"},"query-input":{"@type":"PropertyValueSpecification","valueRequired":true,"valueName":"search_term_string"}}],"inLanguage":"ru-RU"},{"@type":"Organization","@id":"https:\/\/kiilibetoon.ee\/ru\/#organization","name":"Kiili Betoon","url":"https:\/\/kiilibetoon.ee\/ru\/","logo":{"@type":"ImageObject","inLanguage":"ru-RU","@id":"https:\/\/kiilibetoon.ee\/ru\/#\/schema\/logo\/image\/","url":"https:\/\/kiilibetoon.ee\/wp-content\/uploads\/2023\/02\/kiili-betoon-logod-must-hall-valge-muster-19.png","contentUrl":"https:\/\/kiilibetoon.ee\/wp-content\/uploads\/2023\/02\/kiili-betoon-logod-must-hall-valge-muster-19.png","width":3334,"height":3334,"caption":"Kiili Betoon"},"image":{"@id":"https:\/\/kiilibetoon.ee\/ru\/#\/schema\/logo\/image\/"}}]}},"_links":{"self":[{"href":"https:\/\/kiilibetoon.ee\/ru\/wp-json\/wp\/v2\/product\/30983","targetHints":{"allow":["GET"]}}],"collection":[{"href":"https:\/\/kiilibetoon.ee\/ru\/wp-json\/wp\/v2\/product"}],"about":[{"href":"https:\/\/kiilibetoon.ee\/ru\/wp-json\/wp\/v2\/types\/product"}],"replies":[{"embeddable":true,"href":"https:\/\/kiilibetoon.ee\/ru\/wp-json\/wp\/v2\/comments?post=30983"}],"wp:featuredmedia":[{"embeddable":true,"href":"https:\/\/kiilibetoon.ee\/ru\/wp-json\/wp\/v2\/media\/994"}],"wp:attachment":[{"href":"https:\/\/kiilibetoon.ee\/ru\/wp-json\/wp\/v2\/media?parent=30983"}],"wp:term":[{"taxonomy":"product_brand","embeddable":true,"href":"https:\/\/kiilibetoon.ee\/ru\/wp-json\/wp\/v2\/product_brand?post=30983"},{"taxonomy":"product_cat","embeddable":true,"href":"https:\/\/kiilibetoon.ee\/ru\/wp-json\/wp\/v2\/product_cat?post=30983"},{"taxonomy":"product_tag","embeddable":true,"href":"https:\/\/kiilibetoon.ee\/ru\/wp-json\/wp\/v2\/product_tag?post=30983"}],"curies":[{"name":"wp","href":"https:\/\/api.w.org\/{rel}","templated":true}]}}