{"id":22944,"date":"2023-09-19T11:44:04","date_gmt":"2023-09-19T11:44:04","guid":{"rendered":"https:\/\/kiilibetoon.ee\/?post_type=product&#038;p=22944"},"modified":"2026-03-16T09:14:51","modified_gmt":"2026-03-16T07:14:51","slug":"betoonvaas-10-1","status":"publish","type":"product","link":"https:\/\/kiilibetoon.ee\/ru\/betoonvaas-10-1\/","title":{"rendered":"Betoonvaas 10.1"},"content":{"rendered":"<div id=\"comp-lbqj90gc\" class=\"KcpHeO tz5f0K comp-lbqj90gc wixui-rich-text\" data-testid=\"richTextElement\"><span style=\"font-size: 16px;\">Kujuta ette, et sul on koduterrass\u00a0 v\u00f5i r\u00f5du, mis on sinu oma m\u00f5nus nurgake, kus l\u00f5\u00f5gastuda ja s\u00f5pradega aega veeta. N\u00fc\u00fcd m\u00f5tle, kui \u00e4ge oleks, kui seal oleks \u00fcks t\u00f5eliselt stiilne hortensiatega betoonist vaas. Kujuta ette, et see vaas j\u00e4\u00e4b ilusaks ja vastupidavaks aastak\u00fcmneid. Lisaks sobib see suurep\u00e4raselt ka kodu sisekujundusse, andes igale ruumile \u0161iki ilme. See betoonist vaas on t\u00e4pselt see, mis teeb sinu terrassi t\u00f5eliselt eriliseks!<\/span><\/div>\r\n<div data-testid=\"richTextElement\"><\/div>\r\n<div id=\"comp-jevfdf7i\" class=\"comp-jevfdf7i wFmVDK wixui-horizontal-line\">\r\n\r\nS\u00e4ti oma terrassile v\u00f5i koju see ainulaadne betoonist vaas ja loo ruum, millest ise r\u00f5\u00f5mu tunned ja millest k\u00f5ik unistavad!\r\n\r\n<\/div>","protected":false},"excerpt":{"rendered":"<p>Stiilne betoonvaas sobib h\u00e4sti nii terrassile, r\u00f5dule kui interj\u00f6\u00f6ri kaunistamiseks. S\u00e4ti hortensiad vaasidesse ja naudi ilu enda \u00fcmber.<\/p>\n","protected":false},"featured_media":1323,"comment_status":"open","ping_status":"closed","template":"","meta":{"site-sidebar-layout":"default","site-content-layout":"default","ast-site-content-layout":"default","site-content-style":"default","site-sidebar-style":"default","ast-global-header-display":"","ast-banner-title-visibility":"","ast-main-header-display":"","ast-hfb-above-header-display":"","ast-hfb-below-header-display":"","ast-hfb-mobile-header-display":"","site-post-title":"","ast-breadcrumbs-content":"","ast-featured-img":"","footer-sml-layout":"","ast-disable-related-posts":"","theme-transparent-header-meta":"default","adv-header-id-meta":"","stick-header-meta":"default","header-above-stick-meta":"","header-main-stick-meta":"","header-below-stick-meta":"","astra-migrate-meta-layouts":"set","ast-page-background-enabled":"default","ast-page-background-meta":{"desktop":{"background-color":"var(--ast-global-color-4)","background-image":"","background-repeat":"repeat","background-position":"center center","background-size":"auto","background-attachment":"scroll","background-type":"","background-media":"","overlay-type":"","overlay-color":"","overlay-opacity":"","overlay-gradient":""},"tablet":{"background-color":"","background-image":"","background-repeat":"repeat","background-position":"center center","background-size":"auto","background-attachment":"scroll","background-type":"","background-media":"","overlay-type":"","overlay-color":"","overlay-opacity":"","overlay-gradient":""},"mobile":{"background-color":"","background-image":"","background-repeat":"repeat","background-position":"center center","background-size":"auto","background-attachment":"scroll","background-type":"","background-media":"","overlay-type":"","overlay-color":"","overlay-opacity":"","overlay-gradient":""}},"ast-content-background-meta":{"desktop":{"background-color":"var(--ast-global-color-5)","background-image":"","background-repeat":"repeat","background-position":"center center","background-size":"auto","background-attachment":"scroll","background-type":"","background-media":"","overlay-type":"","overlay-color":"","overlay-opacity":"","overlay-gradient":""},"tablet":{"background-color":"var(--ast-global-color-5)","background-image":"","background-repeat":"repeat","background-position":"center center","background-size":"auto","background-attachment":"scroll","background-type":"","background-media":"","overlay-type":"","overlay-color":"","overlay-opacity":"","overlay-gradient":""},"mobile":{"background-color":"var(--ast-global-color-5)","background-image":"","background-repeat":"repeat","background-position":"center center","background-size":"auto","background-attachment":"scroll","background-type":"","background-media":"","overlay-type":"","overlay-color":"","overlay-opacity":"","overlay-gradient":""}}},"product_brand":[],"product_cat":[23,22],"product_tag":[],"class_list":{"0":"post-22944","1":"product","2":"type-product","3":"status-publish","4":"has-post-thumbnail","6":"product_cat-aia-ja-linnadisain","7":"product_cat-vaasid","8":"desktop-align-left","9":"tablet-align-left","10":"mobile-align-left","11":"ast-product-gallery-layout-horizontal-slider","12":"ast-product-single-variable","13":"ast-product-tabs-layout-horizontal","14":"ast-qv-on-image","16":"first","17":"instock","18":"taxable","19":"shipping-taxable","20":"purchasable","21":"product-type-variable","22":"wvs-archive-product-wrapper"},"yoast_head":"<!-- This site is optimized with the Yoast SEO plugin v27.3 - https:\/\/yoast.com\/product\/yoast-seo-wordpress\/ -->\n<title>Betoonvaas 10.1 - Kiili Betoon<\/title>\n<meta name=\"description\" content=\"Stiilne betoonvaas sobib h\u00e4sti nii terrassile kui kodu interj\u00f6\u00f6ri kaunistamiseks. S\u00e4ti hortensiad vaasidesse ja naudi terrassiaega ning ilu enda \u00fcmber.\" \/>\n<meta name=\"robots\" content=\"index, follow, max-snippet:-1, max-image-preview:large, max-video-preview:-1\" \/>\n<link rel=\"canonical\" href=\"https:\/\/kiilibetoon.ee\/ru\/betoonvaas-10-1\/\" \/>\n<meta property=\"og:locale\" content=\"ru_RU\" \/>\n<meta property=\"og:type\" content=\"article\" \/>\n<meta property=\"og:title\" content=\"Betoonvaas 10.1 - Kiili Betoon\" \/>\n<meta property=\"og:description\" content=\"Stiilne betoonvaas sobib h\u00e4sti nii terrassile kui kodu interj\u00f6\u00f6ri kaunistamiseks. S\u00e4ti hortensiad vaasidesse ja naudi terrassiaega ning ilu enda \u00fcmber.\" \/>\n<meta property=\"og:url\" content=\"https:\/\/kiilibetoon.ee\/ru\/betoonvaas-10-1\/\" \/>\n<meta property=\"og:site_name\" content=\"Kiili Betoon\" \/>\n<meta property=\"article:modified_time\" content=\"2026-03-16T07:14:51+00:00\" \/>\n<meta property=\"og:image\" content=\"https:\/\/kiilibetoon.ee\/wp-content\/uploads\/2023\/05\/10.1_L101_2021_5.jpg\" \/>\n\t<meta property=\"og:image:width\" content=\"533\" \/>\n\t<meta property=\"og:image:height\" content=\"800\" \/>\n\t<meta property=\"og:image:type\" content=\"image\/jpeg\" \/>\n<meta name=\"twitter:card\" content=\"summary_large_image\" \/>\n<meta name=\"twitter:label1\" content=\"\u041f\u0440\u0438\u043c\u0435\u0440\u043d\u043e\u0435 \u0432\u0440\u0435\u043c\u044f \u0434\u043b\u044f \u0447\u0442\u0435\u043d\u0438\u044f\" \/>\n\t<meta name=\"twitter:data1\" content=\"1 \u043c\u0438\u043d\u0443\u0442\u0430\" \/>\n<script type=\"application\/ld+json\" class=\"yoast-schema-graph\">{\"@context\":\"https:\\\/\\\/schema.org\",\"@graph\":[{\"@type\":\"WebPage\",\"@id\":\"https:\\\/\\\/kiilibetoon.ee\\\/ru\\\/betoonvaas-10-1\\\/\",\"url\":\"https:\\\/\\\/kiilibetoon.ee\\\/ru\\\/betoonvaas-10-1\\\/\",\"name\":\"Betoonvaas 10.1 - Kiili Betoon\",\"isPartOf\":{\"@id\":\"https:\\\/\\\/kiilibetoon.ee\\\/ru\\\/#website\"},\"primaryImageOfPage\":{\"@id\":\"https:\\\/\\\/kiilibetoon.ee\\\/ru\\\/betoonvaas-10-1\\\/#primaryimage\"},\"image\":{\"@id\":\"https:\\\/\\\/kiilibetoon.ee\\\/ru\\\/betoonvaas-10-1\\\/#primaryimage\"},\"thumbnailUrl\":\"https:\\\/\\\/kiilibetoon.ee\\\/wp-content\\\/uploads\\\/2023\\\/05\\\/10.1_L101_2021_5.jpg\",\"datePublished\":\"2023-09-19T11:44:04+00:00\",\"dateModified\":\"2026-03-16T07:14:51+00:00\",\"description\":\"Stiilne betoonvaas sobib h\u00e4sti nii terrassile kui kodu interj\u00f6\u00f6ri kaunistamiseks. S\u00e4ti hortensiad vaasidesse ja naudi terrassiaega ning ilu enda \u00fcmber.\",\"breadcrumb\":{\"@id\":\"https:\\\/\\\/kiilibetoon.ee\\\/ru\\\/betoonvaas-10-1\\\/#breadcrumb\"},\"inLanguage\":\"ru-RU\",\"potentialAction\":[{\"@type\":\"ReadAction\",\"target\":[\"https:\\\/\\\/kiilibetoon.ee\\\/ru\\\/betoonvaas-10-1\\\/\"]}]},{\"@type\":\"ImageObject\",\"inLanguage\":\"ru-RU\",\"@id\":\"https:\\\/\\\/kiilibetoon.ee\\\/ru\\\/betoonvaas-10-1\\\/#primaryimage\",\"url\":\"https:\\\/\\\/kiilibetoon.ee\\\/wp-content\\\/uploads\\\/2023\\\/05\\\/10.1_L101_2021_5.jpg\",\"contentUrl\":\"https:\\\/\\\/kiilibetoon.ee\\\/wp-content\\\/uploads\\\/2023\\\/05\\\/10.1_L101_2021_5.jpg\",\"width\":533,\"height\":800,\"caption\":\"Mustast lihvitud betoonist betoonvaas elutoas diivani k\u00f5rval, sees suur roheline taim.\"},{\"@type\":\"BreadcrumbList\",\"@id\":\"https:\\\/\\\/kiilibetoon.ee\\\/ru\\\/betoonvaas-10-1\\\/#breadcrumb\",\"itemListElement\":[{\"@type\":\"ListItem\",\"position\":1,\"name\":\"Home\",\"item\":\"https:\\\/\\\/kiilibetoon.ee\\\/ru\\\/\"},{\"@type\":\"ListItem\",\"position\":2,\"name\":\"\u0412\u0441\u0435 \u0442\u043e\u0432\u0430\u0440\u044b\",\"item\":\"https:\\\/\\\/kiilibetoon.ee\\\/ru\\\/shop\\\/\"},{\"@type\":\"ListItem\",\"position\":3,\"name\":\"Betoonvaas 10.1\"}]},{\"@type\":\"WebSite\",\"@id\":\"https:\\\/\\\/kiilibetoon.ee\\\/ru\\\/#website\",\"url\":\"https:\\\/\\\/kiilibetoon.ee\\\/ru\\\/\",\"name\":\"Kiili Betoon\",\"description\":\"Aitame sul betoontoodetega kenama elupaiga luua! Valmistame betoonist tooteid, millega saab &uuml;mbruskonna ilusamaks, puhtamaks ja turvalisemaks muuta.\",\"publisher\":{\"@id\":\"https:\\\/\\\/kiilibetoon.ee\\\/ru\\\/#organization\"},\"potentialAction\":[{\"@type\":\"SearchAction\",\"target\":{\"@type\":\"EntryPoint\",\"urlTemplate\":\"https:\\\/\\\/kiilibetoon.ee\\\/ru\\\/?s={search_term_string}\"},\"query-input\":{\"@type\":\"PropertyValueSpecification\",\"valueRequired\":true,\"valueName\":\"search_term_string\"}}],\"inLanguage\":\"ru-RU\"},{\"@type\":\"Organization\",\"@id\":\"https:\\\/\\\/kiilibetoon.ee\\\/ru\\\/#organization\",\"name\":\"Kiili Betoon\",\"url\":\"https:\\\/\\\/kiilibetoon.ee\\\/ru\\\/\",\"logo\":{\"@type\":\"ImageObject\",\"inLanguage\":\"ru-RU\",\"@id\":\"https:\\\/\\\/kiilibetoon.ee\\\/ru\\\/#\\\/schema\\\/logo\\\/image\\\/\",\"url\":\"https:\\\/\\\/kiilibetoon.ee\\\/wp-content\\\/uploads\\\/2023\\\/02\\\/kiili-betoon-logod-must-hall-valge-muster-19.png\",\"contentUrl\":\"https:\\\/\\\/kiilibetoon.ee\\\/wp-content\\\/uploads\\\/2023\\\/02\\\/kiili-betoon-logod-must-hall-valge-muster-19.png\",\"width\":3334,\"height\":3334,\"caption\":\"Kiili Betoon\"},\"image\":{\"@id\":\"https:\\\/\\\/kiilibetoon.ee\\\/ru\\\/#\\\/schema\\\/logo\\\/image\\\/\"}}]}<\/script>\n<!-- \/ Yoast SEO plugin. -->","yoast_head_json":{"title":"Betoonvaas 10.1 - Kiili Betoon","description":"Stiilne betoonvaas sobib h\u00e4sti nii terrassile kui kodu interj\u00f6\u00f6ri kaunistamiseks. S\u00e4ti hortensiad vaasidesse ja naudi terrassiaega ning ilu enda \u00fcmber.","robots":{"index":"index","follow":"follow","max-snippet":"max-snippet:-1","max-image-preview":"max-image-preview:large","max-video-preview":"max-video-preview:-1"},"canonical":"https:\/\/kiilibetoon.ee\/ru\/betoonvaas-10-1\/","og_locale":"ru_RU","og_type":"article","og_title":"Betoonvaas 10.1 - Kiili Betoon","og_description":"Stiilne betoonvaas sobib h\u00e4sti nii terrassile kui kodu interj\u00f6\u00f6ri kaunistamiseks. S\u00e4ti hortensiad vaasidesse ja naudi terrassiaega ning ilu enda \u00fcmber.","og_url":"https:\/\/kiilibetoon.ee\/ru\/betoonvaas-10-1\/","og_site_name":"Kiili Betoon","article_modified_time":"2026-03-16T07:14:51+00:00","og_image":[{"width":533,"height":800,"url":"https:\/\/kiilibetoon.ee\/wp-content\/uploads\/2023\/05\/10.1_L101_2021_5.jpg","type":"image\/jpeg"}],"twitter_card":"summary_large_image","twitter_misc":{"\u041f\u0440\u0438\u043c\u0435\u0440\u043d\u043e\u0435 \u0432\u0440\u0435\u043c\u044f \u0434\u043b\u044f \u0447\u0442\u0435\u043d\u0438\u044f":"1 \u043c\u0438\u043d\u0443\u0442\u0430"},"schema":{"@context":"https:\/\/schema.org","@graph":[{"@type":"WebPage","@id":"https:\/\/kiilibetoon.ee\/ru\/betoonvaas-10-1\/","url":"https:\/\/kiilibetoon.ee\/ru\/betoonvaas-10-1\/","name":"Betoonvaas 10.1 - Kiili Betoon","isPartOf":{"@id":"https:\/\/kiilibetoon.ee\/ru\/#website"},"primaryImageOfPage":{"@id":"https:\/\/kiilibetoon.ee\/ru\/betoonvaas-10-1\/#primaryimage"},"image":{"@id":"https:\/\/kiilibetoon.ee\/ru\/betoonvaas-10-1\/#primaryimage"},"thumbnailUrl":"https:\/\/kiilibetoon.ee\/wp-content\/uploads\/2023\/05\/10.1_L101_2021_5.jpg","datePublished":"2023-09-19T11:44:04+00:00","dateModified":"2026-03-16T07:14:51+00:00","description":"Stiilne betoonvaas sobib h\u00e4sti nii terrassile kui kodu interj\u00f6\u00f6ri kaunistamiseks. S\u00e4ti hortensiad vaasidesse ja naudi terrassiaega ning ilu enda \u00fcmber.","breadcrumb":{"@id":"https:\/\/kiilibetoon.ee\/ru\/betoonvaas-10-1\/#breadcrumb"},"inLanguage":"ru-RU","potentialAction":[{"@type":"ReadAction","target":["https:\/\/kiilibetoon.ee\/ru\/betoonvaas-10-1\/"]}]},{"@type":"ImageObject","inLanguage":"ru-RU","@id":"https:\/\/kiilibetoon.ee\/ru\/betoonvaas-10-1\/#primaryimage","url":"https:\/\/kiilibetoon.ee\/wp-content\/uploads\/2023\/05\/10.1_L101_2021_5.jpg","contentUrl":"https:\/\/kiilibetoon.ee\/wp-content\/uploads\/2023\/05\/10.1_L101_2021_5.jpg","width":533,"height":800,"caption":"Mustast lihvitud betoonist betoonvaas elutoas diivani k\u00f5rval, sees suur roheline taim."},{"@type":"BreadcrumbList","@id":"https:\/\/kiilibetoon.ee\/ru\/betoonvaas-10-1\/#breadcrumb","itemListElement":[{"@type":"ListItem","position":1,"name":"Home","item":"https:\/\/kiilibetoon.ee\/ru\/"},{"@type":"ListItem","position":2,"name":"\u0412\u0441\u0435 \u0442\u043e\u0432\u0430\u0440\u044b","item":"https:\/\/kiilibetoon.ee\/ru\/shop\/"},{"@type":"ListItem","position":3,"name":"Betoonvaas 10.1"}]},{"@type":"WebSite","@id":"https:\/\/kiilibetoon.ee\/ru\/#website","url":"https:\/\/kiilibetoon.ee\/ru\/","name":"Kiili Betoon","description":"Aitame sul betoontoodetega kenama elupaiga luua! Valmistame betoonist tooteid, millega saab &uuml;mbruskonna ilusamaks, puhtamaks ja turvalisemaks muuta.","publisher":{"@id":"https:\/\/kiilibetoon.ee\/ru\/#organization"},"potentialAction":[{"@type":"SearchAction","target":{"@type":"EntryPoint","urlTemplate":"https:\/\/kiilibetoon.ee\/ru\/?s={search_term_string}"},"query-input":{"@type":"PropertyValueSpecification","valueRequired":true,"valueName":"search_term_string"}}],"inLanguage":"ru-RU"},{"@type":"Organization","@id":"https:\/\/kiilibetoon.ee\/ru\/#organization","name":"Kiili Betoon","url":"https:\/\/kiilibetoon.ee\/ru\/","logo":{"@type":"ImageObject","inLanguage":"ru-RU","@id":"https:\/\/kiilibetoon.ee\/ru\/#\/schema\/logo\/image\/","url":"https:\/\/kiilibetoon.ee\/wp-content\/uploads\/2023\/02\/kiili-betoon-logod-must-hall-valge-muster-19.png","contentUrl":"https:\/\/kiilibetoon.ee\/wp-content\/uploads\/2023\/02\/kiili-betoon-logod-must-hall-valge-muster-19.png","width":3334,"height":3334,"caption":"Kiili Betoon"},"image":{"@id":"https:\/\/kiilibetoon.ee\/ru\/#\/schema\/logo\/image\/"}}]}},"_links":{"self":[{"href":"https:\/\/kiilibetoon.ee\/ru\/wp-json\/wp\/v2\/product\/22944","targetHints":{"allow":["GET"]}}],"collection":[{"href":"https:\/\/kiilibetoon.ee\/ru\/wp-json\/wp\/v2\/product"}],"about":[{"href":"https:\/\/kiilibetoon.ee\/ru\/wp-json\/wp\/v2\/types\/product"}],"replies":[{"embeddable":true,"href":"https:\/\/kiilibetoon.ee\/ru\/wp-json\/wp\/v2\/comments?post=22944"}],"wp:featuredmedia":[{"embeddable":true,"href":"https:\/\/kiilibetoon.ee\/ru\/wp-json\/wp\/v2\/media\/1323"}],"wp:attachment":[{"href":"https:\/\/kiilibetoon.ee\/ru\/wp-json\/wp\/v2\/media?parent=22944"}],"wp:term":[{"taxonomy":"product_brand","embeddable":true,"href":"https:\/\/kiilibetoon.ee\/ru\/wp-json\/wp\/v2\/product_brand?post=22944"},{"taxonomy":"product_cat","embeddable":true,"href":"https:\/\/kiilibetoon.ee\/ru\/wp-json\/wp\/v2\/product_cat?post=22944"},{"taxonomy":"product_tag","embeddable":true,"href":"https:\/\/kiilibetoon.ee\/ru\/wp-json\/wp\/v2\/product_tag?post=22944"}],"curies":[{"name":"wp","href":"https:\/\/api.w.org\/{rel}","templated":true}]}}