{"id":22200,"date":"2023-09-18T08:38:40","date_gmt":"2023-09-18T08:38:40","guid":{"rendered":"https:\/\/kiilibetoon.ee\/?post_type=product&#038;p=22200"},"modified":"2025-05-16T13:43:53","modified_gmt":"2025-05-16T10:43:53","slug":"aiagrill-poolkaar-6-1-1","status":"publish","type":"product","link":"https:\/\/kiilibetoon.ee\/ru\/aiagrill-poolkaar-6-1-1\/","title":{"rendered":"Aiagrill poolkaar 6.1.1"},"content":{"rendered":"Betoonist s\u00f6egrill = m\u00f5nus kokkamine koduaias. Kui sulle meeldib kindlalt \u00fches kohas seisev grill, mille \u00fcmbruse saab kujundada hubaseks pere kokkusaamise kohaks, siis stabiilne betoonist grill on hea valik. See kestab kaua, hooldamine on lihtne ja grill n\u00e4eb kena v\u00e4lja ka aastate p\u00e4rast. Komplektis on poolkaarekujuline grill, alusplaat, suitsukoguja ja restid.\r\n\r\nSuitsukoguja aitab s\u00e4ilitada s\u00fcte soojust kauem. Grillimine sujub eriti h\u00e4sti, kui kasutad korraga kahte grillresti.\r\n\r\nJuba olemasolevale grillile 6.1 on v\u00f5imalik juurde osta t\u00e4iendav rest ja suitsukoguja.","protected":false},"excerpt":{"rendered":"<p>Meeldej\u00e4\u00e4va grillpeo \u00f5hkkonna muudab hubaseks ja isu\u00e4ratavalt l\u00f5hnavaks meie betoonist s\u00f6egrill. Selle vastupidavus ja praktilisus muudavad aiagrilli ideaalseks valikuks nii pere kui s\u00f5prade kogunemisteks.<\/p>\n<p><strong>NB! Tegemist on s\u00f6egrilliga!<\/strong><\/p>\n<p>&nbsp;<\/p>\n","protected":false},"featured_media":22217,"comment_status":"open","ping_status":"closed","template":"","meta":{"site-sidebar-layout":"default","site-content-layout":"default","ast-site-content-layout":"default","site-content-style":"default","site-sidebar-style":"default","ast-global-header-display":"","ast-banner-title-visibility":"","ast-main-header-display":"","ast-hfb-above-header-display":"","ast-hfb-below-header-display":"","ast-hfb-mobile-header-display":"","site-post-title":"","ast-breadcrumbs-content":"","ast-featured-img":"","footer-sml-layout":"","ast-disable-related-posts":"","theme-transparent-header-meta":"default","adv-header-id-meta":"","stick-header-meta":"default","header-above-stick-meta":"","header-main-stick-meta":"","header-below-stick-meta":"","astra-migrate-meta-layouts":"set","ast-page-background-enabled":"default","ast-page-background-meta":{"desktop":{"background-color":"var(--ast-global-color-4)","background-image":"","background-repeat":"repeat","background-position":"center center","background-size":"auto","background-attachment":"scroll","background-type":"","background-media":"","overlay-type":"","overlay-color":"","overlay-opacity":"","overlay-gradient":""},"tablet":{"background-color":"","background-image":"","background-repeat":"repeat","background-position":"center center","background-size":"auto","background-attachment":"scroll","background-type":"","background-media":"","overlay-type":"","overlay-color":"","overlay-opacity":"","overlay-gradient":""},"mobile":{"background-color":"","background-image":"","background-repeat":"repeat","background-position":"center center","background-size":"auto","background-attachment":"scroll","background-type":"","background-media":"","overlay-type":"","overlay-color":"","overlay-opacity":"","overlay-gradient":""}},"ast-content-background-meta":{"desktop":{"background-color":"var(--ast-global-color-5)","background-image":"","background-repeat":"repeat","background-position":"center center","background-size":"auto","background-attachment":"scroll","background-type":"","background-media":"","overlay-type":"","overlay-color":"","overlay-opacity":"","overlay-gradient":""},"tablet":{"background-color":"var(--ast-global-color-5)","background-image":"","background-repeat":"repeat","background-position":"center center","background-size":"auto","background-attachment":"scroll","background-type":"","background-media":"","overlay-type":"","overlay-color":"","overlay-opacity":"","overlay-gradient":""},"mobile":{"background-color":"var(--ast-global-color-5)","background-image":"","background-repeat":"repeat","background-position":"center center","background-size":"auto","background-attachment":"scroll","background-type":"","background-media":"","overlay-type":"","overlay-color":"","overlay-opacity":"","overlay-gradient":""}}},"product_brand":[],"product_cat":[23,55,53],"product_tag":[],"class_list":{"0":"post-22200","1":"product","2":"type-product","3":"status-publish","4":"has-post-thumbnail","6":"product_cat-aia-ja-linnadisain","7":"product_cat-aiagrillid","8":"product_cat-infrastruktuuriehitus","9":"desktop-align-left","10":"tablet-align-left","11":"mobile-align-left","12":"ast-product-gallery-layout-horizontal-slider","13":"ast-product-single-variable","14":"ast-product-tabs-layout-horizontal","15":"ast-qv-on-image","17":"first","18":"onbackorder","19":"taxable","20":"shipping-taxable","21":"purchasable","22":"product-type-variable","23":"wvs-archive-product-wrapper"},"yoast_head":"<!-- This site is optimized with the Yoast SEO plugin v27.3 - https:\/\/yoast.com\/product\/yoast-seo-wordpress\/ -->\n<title>Aiagrill poolkaar 6.1.1 - Kiili Betoon<\/title>\n<meta name=\"robots\" content=\"index, follow, max-snippet:-1, max-image-preview:large, max-video-preview:-1\" \/>\n<link rel=\"canonical\" href=\"https:\/\/kiilibetoon.ee\/ru\/aiagrill-poolkaar-6-1-1\/\" \/>\n<meta property=\"og:locale\" content=\"ru_RU\" \/>\n<meta property=\"og:type\" content=\"article\" \/>\n<meta property=\"og:title\" content=\"Aiagrill poolkaar 6.1.1 - Kiili Betoon\" \/>\n<meta property=\"og:description\" content=\"Meeldej\u00e4\u00e4va grillpeo \u00f5hkkonna muudab hubaseks ja isu\u00e4ratavalt l\u00f5hnavaks meie betoonist s\u00f6egrill. Selle vastupidavus ja praktilisus muudavad aiagrilli ideaalseks valikuks nii pere kui s\u00f5prade kogunemisteks.  NB! Tegemist on s\u00f6egrilliga!  &nbsp;\" \/>\n<meta property=\"og:url\" content=\"https:\/\/kiilibetoon.ee\/ru\/aiagrill-poolkaar-6-1-1\/\" \/>\n<meta property=\"og:site_name\" content=\"Kiili Betoon\" \/>\n<meta property=\"article:modified_time\" content=\"2025-05-16T10:43:53+00:00\" \/>\n<meta property=\"og:image\" content=\"https:\/\/kiilibetoon.ee\/wp-content\/uploads\/2023\/09\/6.1.1-vaike-tootepilt.png\" \/>\n\t<meta property=\"og:image:width\" content=\"700\" \/>\n\t<meta property=\"og:image:height\" content=\"1000\" \/>\n\t<meta property=\"og:image:type\" content=\"image\/png\" \/>\n<meta name=\"twitter:card\" content=\"summary_large_image\" \/>\n<meta name=\"twitter:label1\" content=\"\u041f\u0440\u0438\u043c\u0435\u0440\u043d\u043e\u0435 \u0432\u0440\u0435\u043c\u044f \u0434\u043b\u044f \u0447\u0442\u0435\u043d\u0438\u044f\" \/>\n\t<meta name=\"twitter:data1\" content=\"1 \u043c\u0438\u043d\u0443\u0442\u0430\" \/>\n<script type=\"application\/ld+json\" class=\"yoast-schema-graph\">{\"@context\":\"https:\\\/\\\/schema.org\",\"@graph\":[{\"@type\":\"WebPage\",\"@id\":\"https:\\\/\\\/kiilibetoon.ee\\\/ru\\\/aiagrill-poolkaar-6-1-1\\\/\",\"url\":\"https:\\\/\\\/kiilibetoon.ee\\\/ru\\\/aiagrill-poolkaar-6-1-1\\\/\",\"name\":\"Aiagrill poolkaar 6.1.1 - Kiili Betoon\",\"isPartOf\":{\"@id\":\"https:\\\/\\\/kiilibetoon.ee\\\/ru\\\/#website\"},\"primaryImageOfPage\":{\"@id\":\"https:\\\/\\\/kiilibetoon.ee\\\/ru\\\/aiagrill-poolkaar-6-1-1\\\/#primaryimage\"},\"image\":{\"@id\":\"https:\\\/\\\/kiilibetoon.ee\\\/ru\\\/aiagrill-poolkaar-6-1-1\\\/#primaryimage\"},\"thumbnailUrl\":\"https:\\\/\\\/kiilibetoon.ee\\\/wp-content\\\/uploads\\\/2023\\\/09\\\/6.1.1-vaike-tootepilt.png\",\"datePublished\":\"2023-09-18T08:38:40+00:00\",\"dateModified\":\"2025-05-16T10:43:53+00:00\",\"breadcrumb\":{\"@id\":\"https:\\\/\\\/kiilibetoon.ee\\\/ru\\\/aiagrill-poolkaar-6-1-1\\\/#breadcrumb\"},\"inLanguage\":\"ru-RU\",\"potentialAction\":[{\"@type\":\"ReadAction\",\"target\":[\"https:\\\/\\\/kiilibetoon.ee\\\/ru\\\/aiagrill-poolkaar-6-1-1\\\/\"]}]},{\"@type\":\"ImageObject\",\"inLanguage\":\"ru-RU\",\"@id\":\"https:\\\/\\\/kiilibetoon.ee\\\/ru\\\/aiagrill-poolkaar-6-1-1\\\/#primaryimage\",\"url\":\"https:\\\/\\\/kiilibetoon.ee\\\/wp-content\\\/uploads\\\/2023\\\/09\\\/6.1.1-vaike-tootepilt.png\",\"contentUrl\":\"https:\\\/\\\/kiilibetoon.ee\\\/wp-content\\\/uploads\\\/2023\\\/09\\\/6.1.1-vaike-tootepilt.png\",\"width\":700,\"height\":1000},{\"@type\":\"BreadcrumbList\",\"@id\":\"https:\\\/\\\/kiilibetoon.ee\\\/ru\\\/aiagrill-poolkaar-6-1-1\\\/#breadcrumb\",\"itemListElement\":[{\"@type\":\"ListItem\",\"position\":1,\"name\":\"Home\",\"item\":\"https:\\\/\\\/kiilibetoon.ee\\\/ru\\\/\"},{\"@type\":\"ListItem\",\"position\":2,\"name\":\"\u0412\u0441\u0435 \u0442\u043e\u0432\u0430\u0440\u044b\",\"item\":\"https:\\\/\\\/kiilibetoon.ee\\\/ru\\\/shop\\\/\"},{\"@type\":\"ListItem\",\"position\":3,\"name\":\"Aiagrill poolkaar 6.1.1\"}]},{\"@type\":\"WebSite\",\"@id\":\"https:\\\/\\\/kiilibetoon.ee\\\/ru\\\/#website\",\"url\":\"https:\\\/\\\/kiilibetoon.ee\\\/ru\\\/\",\"name\":\"Kiili Betoon\",\"description\":\"Aitame sul betoontoodetega kenama elupaiga luua! Valmistame betoonist tooteid, millega saab &uuml;mbruskonna ilusamaks, puhtamaks ja turvalisemaks muuta.\",\"publisher\":{\"@id\":\"https:\\\/\\\/kiilibetoon.ee\\\/ru\\\/#organization\"},\"potentialAction\":[{\"@type\":\"SearchAction\",\"target\":{\"@type\":\"EntryPoint\",\"urlTemplate\":\"https:\\\/\\\/kiilibetoon.ee\\\/ru\\\/?s={search_term_string}\"},\"query-input\":{\"@type\":\"PropertyValueSpecification\",\"valueRequired\":true,\"valueName\":\"search_term_string\"}}],\"inLanguage\":\"ru-RU\"},{\"@type\":\"Organization\",\"@id\":\"https:\\\/\\\/kiilibetoon.ee\\\/ru\\\/#organization\",\"name\":\"Kiili Betoon\",\"url\":\"https:\\\/\\\/kiilibetoon.ee\\\/ru\\\/\",\"logo\":{\"@type\":\"ImageObject\",\"inLanguage\":\"ru-RU\",\"@id\":\"https:\\\/\\\/kiilibetoon.ee\\\/ru\\\/#\\\/schema\\\/logo\\\/image\\\/\",\"url\":\"https:\\\/\\\/kiilibetoon.ee\\\/wp-content\\\/uploads\\\/2023\\\/02\\\/kiili-betoon-logod-must-hall-valge-muster-19.png\",\"contentUrl\":\"https:\\\/\\\/kiilibetoon.ee\\\/wp-content\\\/uploads\\\/2023\\\/02\\\/kiili-betoon-logod-must-hall-valge-muster-19.png\",\"width\":3334,\"height\":3334,\"caption\":\"Kiili Betoon\"},\"image\":{\"@id\":\"https:\\\/\\\/kiilibetoon.ee\\\/ru\\\/#\\\/schema\\\/logo\\\/image\\\/\"}}]}<\/script>\n<!-- \/ Yoast SEO plugin. -->","yoast_head_json":{"title":"Aiagrill poolkaar 6.1.1 - Kiili Betoon","robots":{"index":"index","follow":"follow","max-snippet":"max-snippet:-1","max-image-preview":"max-image-preview:large","max-video-preview":"max-video-preview:-1"},"canonical":"https:\/\/kiilibetoon.ee\/ru\/aiagrill-poolkaar-6-1-1\/","og_locale":"ru_RU","og_type":"article","og_title":"Aiagrill poolkaar 6.1.1 - Kiili Betoon","og_description":"Meeldej\u00e4\u00e4va grillpeo \u00f5hkkonna muudab hubaseks ja isu\u00e4ratavalt l\u00f5hnavaks meie betoonist s\u00f6egrill. Selle vastupidavus ja praktilisus muudavad aiagrilli ideaalseks valikuks nii pere kui s\u00f5prade kogunemisteks.  NB! Tegemist on s\u00f6egrilliga!  &nbsp;","og_url":"https:\/\/kiilibetoon.ee\/ru\/aiagrill-poolkaar-6-1-1\/","og_site_name":"Kiili Betoon","article_modified_time":"2025-05-16T10:43:53+00:00","og_image":[{"width":700,"height":1000,"url":"https:\/\/kiilibetoon.ee\/wp-content\/uploads\/2023\/09\/6.1.1-vaike-tootepilt.png","type":"image\/png"}],"twitter_card":"summary_large_image","twitter_misc":{"\u041f\u0440\u0438\u043c\u0435\u0440\u043d\u043e\u0435 \u0432\u0440\u0435\u043c\u044f \u0434\u043b\u044f \u0447\u0442\u0435\u043d\u0438\u044f":"1 \u043c\u0438\u043d\u0443\u0442\u0430"},"schema":{"@context":"https:\/\/schema.org","@graph":[{"@type":"WebPage","@id":"https:\/\/kiilibetoon.ee\/ru\/aiagrill-poolkaar-6-1-1\/","url":"https:\/\/kiilibetoon.ee\/ru\/aiagrill-poolkaar-6-1-1\/","name":"Aiagrill poolkaar 6.1.1 - Kiili Betoon","isPartOf":{"@id":"https:\/\/kiilibetoon.ee\/ru\/#website"},"primaryImageOfPage":{"@id":"https:\/\/kiilibetoon.ee\/ru\/aiagrill-poolkaar-6-1-1\/#primaryimage"},"image":{"@id":"https:\/\/kiilibetoon.ee\/ru\/aiagrill-poolkaar-6-1-1\/#primaryimage"},"thumbnailUrl":"https:\/\/kiilibetoon.ee\/wp-content\/uploads\/2023\/09\/6.1.1-vaike-tootepilt.png","datePublished":"2023-09-18T08:38:40+00:00","dateModified":"2025-05-16T10:43:53+00:00","breadcrumb":{"@id":"https:\/\/kiilibetoon.ee\/ru\/aiagrill-poolkaar-6-1-1\/#breadcrumb"},"inLanguage":"ru-RU","potentialAction":[{"@type":"ReadAction","target":["https:\/\/kiilibetoon.ee\/ru\/aiagrill-poolkaar-6-1-1\/"]}]},{"@type":"ImageObject","inLanguage":"ru-RU","@id":"https:\/\/kiilibetoon.ee\/ru\/aiagrill-poolkaar-6-1-1\/#primaryimage","url":"https:\/\/kiilibetoon.ee\/wp-content\/uploads\/2023\/09\/6.1.1-vaike-tootepilt.png","contentUrl":"https:\/\/kiilibetoon.ee\/wp-content\/uploads\/2023\/09\/6.1.1-vaike-tootepilt.png","width":700,"height":1000},{"@type":"BreadcrumbList","@id":"https:\/\/kiilibetoon.ee\/ru\/aiagrill-poolkaar-6-1-1\/#breadcrumb","itemListElement":[{"@type":"ListItem","position":1,"name":"Home","item":"https:\/\/kiilibetoon.ee\/ru\/"},{"@type":"ListItem","position":2,"name":"\u0412\u0441\u0435 \u0442\u043e\u0432\u0430\u0440\u044b","item":"https:\/\/kiilibetoon.ee\/ru\/shop\/"},{"@type":"ListItem","position":3,"name":"Aiagrill poolkaar 6.1.1"}]},{"@type":"WebSite","@id":"https:\/\/kiilibetoon.ee\/ru\/#website","url":"https:\/\/kiilibetoon.ee\/ru\/","name":"Kiili Betoon","description":"Aitame sul betoontoodetega kenama elupaiga luua! Valmistame betoonist tooteid, millega saab &uuml;mbruskonna ilusamaks, puhtamaks ja turvalisemaks muuta.","publisher":{"@id":"https:\/\/kiilibetoon.ee\/ru\/#organization"},"potentialAction":[{"@type":"SearchAction","target":{"@type":"EntryPoint","urlTemplate":"https:\/\/kiilibetoon.ee\/ru\/?s={search_term_string}"},"query-input":{"@type":"PropertyValueSpecification","valueRequired":true,"valueName":"search_term_string"}}],"inLanguage":"ru-RU"},{"@type":"Organization","@id":"https:\/\/kiilibetoon.ee\/ru\/#organization","name":"Kiili Betoon","url":"https:\/\/kiilibetoon.ee\/ru\/","logo":{"@type":"ImageObject","inLanguage":"ru-RU","@id":"https:\/\/kiilibetoon.ee\/ru\/#\/schema\/logo\/image\/","url":"https:\/\/kiilibetoon.ee\/wp-content\/uploads\/2023\/02\/kiili-betoon-logod-must-hall-valge-muster-19.png","contentUrl":"https:\/\/kiilibetoon.ee\/wp-content\/uploads\/2023\/02\/kiili-betoon-logod-must-hall-valge-muster-19.png","width":3334,"height":3334,"caption":"Kiili Betoon"},"image":{"@id":"https:\/\/kiilibetoon.ee\/ru\/#\/schema\/logo\/image\/"}}]}},"_links":{"self":[{"href":"https:\/\/kiilibetoon.ee\/ru\/wp-json\/wp\/v2\/product\/22200","targetHints":{"allow":["GET"]}}],"collection":[{"href":"https:\/\/kiilibetoon.ee\/ru\/wp-json\/wp\/v2\/product"}],"about":[{"href":"https:\/\/kiilibetoon.ee\/ru\/wp-json\/wp\/v2\/types\/product"}],"replies":[{"embeddable":true,"href":"https:\/\/kiilibetoon.ee\/ru\/wp-json\/wp\/v2\/comments?post=22200"}],"wp:featuredmedia":[{"embeddable":true,"href":"https:\/\/kiilibetoon.ee\/ru\/wp-json\/wp\/v2\/media\/22217"}],"wp:attachment":[{"href":"https:\/\/kiilibetoon.ee\/ru\/wp-json\/wp\/v2\/media?parent=22200"}],"wp:term":[{"taxonomy":"product_brand","embeddable":true,"href":"https:\/\/kiilibetoon.ee\/ru\/wp-json\/wp\/v2\/product_brand?post=22200"},{"taxonomy":"product_cat","embeddable":true,"href":"https:\/\/kiilibetoon.ee\/ru\/wp-json\/wp\/v2\/product_cat?post=22200"},{"taxonomy":"product_tag","embeddable":true,"href":"https:\/\/kiilibetoon.ee\/ru\/wp-json\/wp\/v2\/product_tag?post=22200"}],"curies":[{"name":"wp","href":"https:\/\/api.w.org\/{rel}","templated":true}]}}