{"id":19477,"date":"2023-08-29T08:41:19","date_gmt":"2023-08-29T08:41:19","guid":{"rendered":"https:\/\/kiilibetoon.ee\/?post_type=product&#038;p=19477"},"modified":"2026-02-06T19:45:31","modified_gmt":"2026-02-06T17:45:31","slug":"betoonplaat-1-17","status":"publish","type":"product","link":"https:\/\/kiilibetoon.ee\/ru\/betoonplaat-1-17\/","title":{"rendered":"Betoonplaat 1.17"},"content":{"rendered":"See betoonplaat on praktiline ja ilus valik mitmeks otstarbeks. Kui rajad enda aeda k\u00f5nniteega istutusala, siis vajad just seda plaati, et tulemus oleks Pinteresti piltidega sarnane!\r\n\r\nPlaadi minimalistlik disain sobitub imeh\u00e4sti taimede \u00fcmarate vormidega ja sinu aiast saab stiilne ning ajatu ruum.\r\n<div id=\"comp-jeve11ns\" class=\"BaOVQ8 tz5f0K comp-jeve11ns wixui-rich-text\" data-testid=\"richTextElement\">\r\n<p class=\"font_9 wixui-rich-text__text\"><\/p>\r\n\r\n<\/div>\r\n<div id=\"comp-lbqj90gc\" class=\"KcpHeO tz5f0K comp-lbqj90gc wixui-rich-text\" data-testid=\"richTextElement\"><\/div>\r\n<div id=\"comp-jevfdf7i\" class=\"comp-jevfdf7i wFmVDK wixui-horizontal-line\"><\/div>","protected":false},"excerpt":{"rendered":"<div class=\"group w-full text-token-text-primary border-b border-black\/10 dark:border-gray-900\/50 bg-gray-50 dark:bg-[#444654]\" data-testid=\"conversation-turn-3\">\n<div class=\"flex p-4 gap-4 text-base md:gap-6 md:max-w-2xl lg:max-w-[38rem] xl:max-w-3xl md:py-6 lg:px-0 m-auto\">\n<div class=\"relative flex w-[calc(100%-50px)] flex-col gap-1 md:gap-3 lg:w-[calc(100%-115px)]\">\n<div class=\"flex flex-grow flex-col gap-3 max-w-full\">\n<div class=\"min-h-[20px] flex flex-col items-start gap-3 overflow-x-auto whitespace-pre-wrap break-words\">\n<div class=\"markdown prose w-full break-words dark:prose-invert light\">\n<p>Lihtne plaat, mis on elava kujutlusv\u00f5imega kasutajale suurep\u00e4rane valik ehitus- ja aiat\u00f6\u00f6de jaoks. Plaadid sobivad mitmesugustesse projektidesse nagu k\u00f5nniteed, terrassi- maja- v\u00f5i aia\u00e4\u00e4red.\u00a0 Tooted on vastupidavad, ilmastikukindlad ning lihtsasti paigaldatavad.<\/p>\n<\/div>\n<\/div>\n<\/div>\n<div class=\"flex justify-between lg:block\">\n<div class=\"text-gray-400 flex self-end lg:self-center justify-center mt-2 gap-2 md:gap-3 lg:gap-1 lg:absolute lg:top-0 lg:translate-x-full lg:right-0 lg:mt-0 lg:pl-2 visible\">\n<p>&nbsp;<\/p>\n<div class=\"flex gap-1\"><\/div>\n<\/div>\n<\/div>\n<\/div>\n<\/div>\n<\/div>\n","protected":false},"featured_media":2677,"comment_status":"open","ping_status":"closed","template":"","meta":{"site-sidebar-layout":"default","site-content-layout":"default","ast-site-content-layout":"default","site-content-style":"default","site-sidebar-style":"default","ast-global-header-display":"","ast-banner-title-visibility":"","ast-main-header-display":"","ast-hfb-above-header-display":"","ast-hfb-below-header-display":"","ast-hfb-mobile-header-display":"","site-post-title":"","ast-breadcrumbs-content":"","ast-featured-img":"","footer-sml-layout":"","ast-disable-related-posts":"","theme-transparent-header-meta":"default","adv-header-id-meta":"","stick-header-meta":"default","header-above-stick-meta":"","header-main-stick-meta":"","header-below-stick-meta":"","astra-migrate-meta-layouts":"set","ast-page-background-enabled":"default","ast-page-background-meta":{"desktop":{"background-color":"var(--ast-global-color-4)","background-image":"","background-repeat":"repeat","background-position":"center center","background-size":"auto","background-attachment":"scroll","background-type":"","background-media":"","overlay-type":"","overlay-color":"","overlay-opacity":"","overlay-gradient":""},"tablet":{"background-color":"","background-image":"","background-repeat":"repeat","background-position":"center center","background-size":"auto","background-attachment":"scroll","background-type":"","background-media":"","overlay-type":"","overlay-color":"","overlay-opacity":"","overlay-gradient":""},"mobile":{"background-color":"","background-image":"","background-repeat":"repeat","background-position":"center center","background-size":"auto","background-attachment":"scroll","background-type":"","background-media":"","overlay-type":"","overlay-color":"","overlay-opacity":"","overlay-gradient":""}},"ast-content-background-meta":{"desktop":{"background-color":"var(--ast-global-color-5)","background-image":"","background-repeat":"repeat","background-position":"center center","background-size":"auto","background-attachment":"scroll","background-type":"","background-media":"","overlay-type":"","overlay-color":"","overlay-opacity":"","overlay-gradient":""},"tablet":{"background-color":"var(--ast-global-color-5)","background-image":"","background-repeat":"repeat","background-position":"center center","background-size":"auto","background-attachment":"scroll","background-type":"","background-media":"","overlay-type":"","overlay-color":"","overlay-opacity":"","overlay-gradient":""},"mobile":{"background-color":"var(--ast-global-color-5)","background-image":"","background-repeat":"repeat","background-position":"center center","background-size":"auto","background-attachment":"scroll","background-type":"","background-media":"","overlay-type":"","overlay-color":"","overlay-opacity":"","overlay-gradient":""}}},"product_brand":[],"product_cat":[23,27],"product_tag":[],"class_list":{"0":"post-19477","1":"product","2":"type-product","3":"status-publish","4":"has-post-thumbnail","6":"product_cat-aia-ja-linnadisain","7":"product_cat-betoonplaadid","8":"desktop-align-left","9":"tablet-align-left","10":"mobile-align-left","11":"ast-product-gallery-layout-horizontal-slider","12":"ast-product-single-variable","13":"ast-product-tabs-layout-horizontal","14":"ast-qv-on-image","16":"first","17":"onbackorder","18":"taxable","19":"shipping-taxable","20":"purchasable","21":"product-type-variable","22":"wvs-archive-product-wrapper"},"yoast_head":"<!-- This site is optimized with the Yoast SEO plugin v27.3 - https:\/\/yoast.com\/product\/yoast-seo-wordpress\/ -->\n<title>Betoonplaat 1.17 - Kiili Betoon<\/title>\n<meta name=\"robots\" content=\"index, follow, max-snippet:-1, max-image-preview:large, max-video-preview:-1\" \/>\n<link rel=\"canonical\" href=\"https:\/\/kiilibetoon.ee\/ru\/betoonplaat-1-17\/\" \/>\n<meta property=\"og:locale\" content=\"ru_RU\" \/>\n<meta property=\"og:type\" content=\"article\" \/>\n<meta property=\"og:title\" content=\"Betoonplaat 1.17 - Kiili Betoon\" \/>\n<meta property=\"og:description\" content=\"Lihtne plaat, mis on elava kujutlusv\u00f5imega kasutajale suurep\u00e4rane valik ehitus- ja aiat\u00f6\u00f6de jaoks. Plaadid sobivad mitmesugustesse projektidesse nagu k\u00f5nniteed, terrassi- maja- v\u00f5i aia\u00e4\u00e4red.\u00a0 Tooted on vastupidavad, ilmastikukindlad ning lihtsasti paigaldatavad.        &nbsp;\" \/>\n<meta property=\"og:url\" content=\"https:\/\/kiilibetoon.ee\/ru\/betoonplaat-1-17\/\" \/>\n<meta property=\"og:site_name\" content=\"Kiili Betoon\" \/>\n<meta property=\"article:modified_time\" content=\"2026-02-06T17:45:31+00:00\" \/>\n<meta property=\"og:image\" content=\"https:\/\/kiilibetoon.ee\/wp-content\/uploads\/2023\/03\/1.17_s104_2.jpg\" \/>\n\t<meta property=\"og:image:width\" content=\"600\" \/>\n\t<meta property=\"og:image:height\" content=\"800\" \/>\n\t<meta property=\"og:image:type\" content=\"image\/jpeg\" \/>\n<meta name=\"twitter:card\" content=\"summary_large_image\" \/>\n<meta name=\"twitter:label1\" content=\"\u041f\u0440\u0438\u043c\u0435\u0440\u043d\u043e\u0435 \u0432\u0440\u0435\u043c\u044f \u0434\u043b\u044f \u0447\u0442\u0435\u043d\u0438\u044f\" \/>\n\t<meta name=\"twitter:data1\" content=\"1 \u043c\u0438\u043d\u0443\u0442\u0430\" \/>\n<script type=\"application\/ld+json\" class=\"yoast-schema-graph\">{\"@context\":\"https:\\\/\\\/schema.org\",\"@graph\":[{\"@type\":\"WebPage\",\"@id\":\"https:\\\/\\\/kiilibetoon.ee\\\/ru\\\/betoonplaat-1-17\\\/\",\"url\":\"https:\\\/\\\/kiilibetoon.ee\\\/ru\\\/betoonplaat-1-17\\\/\",\"name\":\"Betoonplaat 1.17 - Kiili Betoon\",\"isPartOf\":{\"@id\":\"https:\\\/\\\/kiilibetoon.ee\\\/ru\\\/#website\"},\"primaryImageOfPage\":{\"@id\":\"https:\\\/\\\/kiilibetoon.ee\\\/ru\\\/betoonplaat-1-17\\\/#primaryimage\"},\"image\":{\"@id\":\"https:\\\/\\\/kiilibetoon.ee\\\/ru\\\/betoonplaat-1-17\\\/#primaryimage\"},\"thumbnailUrl\":\"https:\\\/\\\/kiilibetoon.ee\\\/wp-content\\\/uploads\\\/2023\\\/03\\\/1.17_s104_2.jpg\",\"datePublished\":\"2023-08-29T08:41:19+00:00\",\"dateModified\":\"2026-02-06T17:45:31+00:00\",\"breadcrumb\":{\"@id\":\"https:\\\/\\\/kiilibetoon.ee\\\/ru\\\/betoonplaat-1-17\\\/#breadcrumb\"},\"inLanguage\":\"ru-RU\",\"potentialAction\":[{\"@type\":\"ReadAction\",\"target\":[\"https:\\\/\\\/kiilibetoon.ee\\\/ru\\\/betoonplaat-1-17\\\/\"]}]},{\"@type\":\"ImageObject\",\"inLanguage\":\"ru-RU\",\"@id\":\"https:\\\/\\\/kiilibetoon.ee\\\/ru\\\/betoonplaat-1-17\\\/#primaryimage\",\"url\":\"https:\\\/\\\/kiilibetoon.ee\\\/wp-content\\\/uploads\\\/2023\\\/03\\\/1.17_s104_2.jpg\",\"contentUrl\":\"https:\\\/\\\/kiilibetoon.ee\\\/wp-content\\\/uploads\\\/2023\\\/03\\\/1.17_s104_2.jpg\",\"width\":600,\"height\":800},{\"@type\":\"BreadcrumbList\",\"@id\":\"https:\\\/\\\/kiilibetoon.ee\\\/ru\\\/betoonplaat-1-17\\\/#breadcrumb\",\"itemListElement\":[{\"@type\":\"ListItem\",\"position\":1,\"name\":\"Home\",\"item\":\"https:\\\/\\\/kiilibetoon.ee\\\/ru\\\/\"},{\"@type\":\"ListItem\",\"position\":2,\"name\":\"\u0412\u0441\u0435 \u0442\u043e\u0432\u0430\u0440\u044b\",\"item\":\"https:\\\/\\\/kiilibetoon.ee\\\/ru\\\/shop\\\/\"},{\"@type\":\"ListItem\",\"position\":3,\"name\":\"Betoonplaat 1.17\"}]},{\"@type\":\"WebSite\",\"@id\":\"https:\\\/\\\/kiilibetoon.ee\\\/ru\\\/#website\",\"url\":\"https:\\\/\\\/kiilibetoon.ee\\\/ru\\\/\",\"name\":\"Kiili Betoon\",\"description\":\"Aitame sul betoontoodetega kenama elupaiga luua! Valmistame betoonist tooteid, millega saab &uuml;mbruskonna ilusamaks, puhtamaks ja turvalisemaks muuta.\",\"publisher\":{\"@id\":\"https:\\\/\\\/kiilibetoon.ee\\\/ru\\\/#organization\"},\"potentialAction\":[{\"@type\":\"SearchAction\",\"target\":{\"@type\":\"EntryPoint\",\"urlTemplate\":\"https:\\\/\\\/kiilibetoon.ee\\\/ru\\\/?s={search_term_string}\"},\"query-input\":{\"@type\":\"PropertyValueSpecification\",\"valueRequired\":true,\"valueName\":\"search_term_string\"}}],\"inLanguage\":\"ru-RU\"},{\"@type\":\"Organization\",\"@id\":\"https:\\\/\\\/kiilibetoon.ee\\\/ru\\\/#organization\",\"name\":\"Kiili Betoon\",\"url\":\"https:\\\/\\\/kiilibetoon.ee\\\/ru\\\/\",\"logo\":{\"@type\":\"ImageObject\",\"inLanguage\":\"ru-RU\",\"@id\":\"https:\\\/\\\/kiilibetoon.ee\\\/ru\\\/#\\\/schema\\\/logo\\\/image\\\/\",\"url\":\"https:\\\/\\\/kiilibetoon.ee\\\/wp-content\\\/uploads\\\/2023\\\/02\\\/kiili-betoon-logod-must-hall-valge-muster-19.png\",\"contentUrl\":\"https:\\\/\\\/kiilibetoon.ee\\\/wp-content\\\/uploads\\\/2023\\\/02\\\/kiili-betoon-logod-must-hall-valge-muster-19.png\",\"width\":3334,\"height\":3334,\"caption\":\"Kiili Betoon\"},\"image\":{\"@id\":\"https:\\\/\\\/kiilibetoon.ee\\\/ru\\\/#\\\/schema\\\/logo\\\/image\\\/\"}}]}<\/script>\n<!-- \/ Yoast SEO plugin. -->","yoast_head_json":{"title":"Betoonplaat 1.17 - Kiili Betoon","robots":{"index":"index","follow":"follow","max-snippet":"max-snippet:-1","max-image-preview":"max-image-preview:large","max-video-preview":"max-video-preview:-1"},"canonical":"https:\/\/kiilibetoon.ee\/ru\/betoonplaat-1-17\/","og_locale":"ru_RU","og_type":"article","og_title":"Betoonplaat 1.17 - Kiili Betoon","og_description":"Lihtne plaat, mis on elava kujutlusv\u00f5imega kasutajale suurep\u00e4rane valik ehitus- ja aiat\u00f6\u00f6de jaoks. Plaadid sobivad mitmesugustesse projektidesse nagu k\u00f5nniteed, terrassi- maja- v\u00f5i aia\u00e4\u00e4red.\u00a0 Tooted on vastupidavad, ilmastikukindlad ning lihtsasti paigaldatavad.        &nbsp;","og_url":"https:\/\/kiilibetoon.ee\/ru\/betoonplaat-1-17\/","og_site_name":"Kiili Betoon","article_modified_time":"2026-02-06T17:45:31+00:00","og_image":[{"width":600,"height":800,"url":"https:\/\/kiilibetoon.ee\/wp-content\/uploads\/2023\/03\/1.17_s104_2.jpg","type":"image\/jpeg"}],"twitter_card":"summary_large_image","twitter_misc":{"\u041f\u0440\u0438\u043c\u0435\u0440\u043d\u043e\u0435 \u0432\u0440\u0435\u043c\u044f \u0434\u043b\u044f \u0447\u0442\u0435\u043d\u0438\u044f":"1 \u043c\u0438\u043d\u0443\u0442\u0430"},"schema":{"@context":"https:\/\/schema.org","@graph":[{"@type":"WebPage","@id":"https:\/\/kiilibetoon.ee\/ru\/betoonplaat-1-17\/","url":"https:\/\/kiilibetoon.ee\/ru\/betoonplaat-1-17\/","name":"Betoonplaat 1.17 - Kiili Betoon","isPartOf":{"@id":"https:\/\/kiilibetoon.ee\/ru\/#website"},"primaryImageOfPage":{"@id":"https:\/\/kiilibetoon.ee\/ru\/betoonplaat-1-17\/#primaryimage"},"image":{"@id":"https:\/\/kiilibetoon.ee\/ru\/betoonplaat-1-17\/#primaryimage"},"thumbnailUrl":"https:\/\/kiilibetoon.ee\/wp-content\/uploads\/2023\/03\/1.17_s104_2.jpg","datePublished":"2023-08-29T08:41:19+00:00","dateModified":"2026-02-06T17:45:31+00:00","breadcrumb":{"@id":"https:\/\/kiilibetoon.ee\/ru\/betoonplaat-1-17\/#breadcrumb"},"inLanguage":"ru-RU","potentialAction":[{"@type":"ReadAction","target":["https:\/\/kiilibetoon.ee\/ru\/betoonplaat-1-17\/"]}]},{"@type":"ImageObject","inLanguage":"ru-RU","@id":"https:\/\/kiilibetoon.ee\/ru\/betoonplaat-1-17\/#primaryimage","url":"https:\/\/kiilibetoon.ee\/wp-content\/uploads\/2023\/03\/1.17_s104_2.jpg","contentUrl":"https:\/\/kiilibetoon.ee\/wp-content\/uploads\/2023\/03\/1.17_s104_2.jpg","width":600,"height":800},{"@type":"BreadcrumbList","@id":"https:\/\/kiilibetoon.ee\/ru\/betoonplaat-1-17\/#breadcrumb","itemListElement":[{"@type":"ListItem","position":1,"name":"Home","item":"https:\/\/kiilibetoon.ee\/ru\/"},{"@type":"ListItem","position":2,"name":"\u0412\u0441\u0435 \u0442\u043e\u0432\u0430\u0440\u044b","item":"https:\/\/kiilibetoon.ee\/ru\/shop\/"},{"@type":"ListItem","position":3,"name":"Betoonplaat 1.17"}]},{"@type":"WebSite","@id":"https:\/\/kiilibetoon.ee\/ru\/#website","url":"https:\/\/kiilibetoon.ee\/ru\/","name":"Kiili Betoon","description":"Aitame sul betoontoodetega kenama elupaiga luua! Valmistame betoonist tooteid, millega saab &uuml;mbruskonna ilusamaks, puhtamaks ja turvalisemaks muuta.","publisher":{"@id":"https:\/\/kiilibetoon.ee\/ru\/#organization"},"potentialAction":[{"@type":"SearchAction","target":{"@type":"EntryPoint","urlTemplate":"https:\/\/kiilibetoon.ee\/ru\/?s={search_term_string}"},"query-input":{"@type":"PropertyValueSpecification","valueRequired":true,"valueName":"search_term_string"}}],"inLanguage":"ru-RU"},{"@type":"Organization","@id":"https:\/\/kiilibetoon.ee\/ru\/#organization","name":"Kiili Betoon","url":"https:\/\/kiilibetoon.ee\/ru\/","logo":{"@type":"ImageObject","inLanguage":"ru-RU","@id":"https:\/\/kiilibetoon.ee\/ru\/#\/schema\/logo\/image\/","url":"https:\/\/kiilibetoon.ee\/wp-content\/uploads\/2023\/02\/kiili-betoon-logod-must-hall-valge-muster-19.png","contentUrl":"https:\/\/kiilibetoon.ee\/wp-content\/uploads\/2023\/02\/kiili-betoon-logod-must-hall-valge-muster-19.png","width":3334,"height":3334,"caption":"Kiili Betoon"},"image":{"@id":"https:\/\/kiilibetoon.ee\/ru\/#\/schema\/logo\/image\/"}}]}},"_links":{"self":[{"href":"https:\/\/kiilibetoon.ee\/ru\/wp-json\/wp\/v2\/product\/19477","targetHints":{"allow":["GET"]}}],"collection":[{"href":"https:\/\/kiilibetoon.ee\/ru\/wp-json\/wp\/v2\/product"}],"about":[{"href":"https:\/\/kiilibetoon.ee\/ru\/wp-json\/wp\/v2\/types\/product"}],"replies":[{"embeddable":true,"href":"https:\/\/kiilibetoon.ee\/ru\/wp-json\/wp\/v2\/comments?post=19477"}],"wp:featuredmedia":[{"embeddable":true,"href":"https:\/\/kiilibetoon.ee\/ru\/wp-json\/wp\/v2\/media\/2677"}],"wp:attachment":[{"href":"https:\/\/kiilibetoon.ee\/ru\/wp-json\/wp\/v2\/media?parent=19477"}],"wp:term":[{"taxonomy":"product_brand","embeddable":true,"href":"https:\/\/kiilibetoon.ee\/ru\/wp-json\/wp\/v2\/product_brand?post=19477"},{"taxonomy":"product_cat","embeddable":true,"href":"https:\/\/kiilibetoon.ee\/ru\/wp-json\/wp\/v2\/product_cat?post=19477"},{"taxonomy":"product_tag","embeddable":true,"href":"https:\/\/kiilibetoon.ee\/ru\/wp-json\/wp\/v2\/product_tag?post=19477"}],"curies":[{"name":"wp","href":"https:\/\/api.w.org\/{rel}","templated":true}]}}