{"id":10355,"date":"2023-07-03T11:19:49","date_gmt":"2023-07-03T11:19:49","guid":{"rendered":"https:\/\/kiilibetoon.ee\/?post_type=product&#038;p=10355"},"modified":"2024-04-19T18:53:17","modified_gmt":"2024-04-19T15:53:17","slug":"monteeritav-vaas-10-26","status":"publish","type":"product","link":"https:\/\/kiilibetoon.ee\/ru\/monteeritav-vaas-10-26\/","title":{"rendered":"Betoonist monteeritav vaas 10.26"},"content":{"rendered":"Monteeritav vaas tellija m\u00f5\u00f5tude j\u00e4rgi tehtud plaatidest, mille seina paksus on 80mm.\u00a0Toode sobib juhul, kui just sulle vajalike m\u00f5\u00f5tudega taimekonteinereid ei \u00f5nnestu kusagilt leida.\u00a0Viimistlusviisiks on mitme erineva v\u00e4rviga silebetoon.","protected":false},"excerpt":{"rendered":"<p><span style=\"color: #bb7f3d;\"><a style=\"color: #bb7f3d;\" href=\"https:\/\/kiilibetoon.ee\/monteeritav-vaas-10-26\/#paring\"><strong>Saada selle toote kohta hinnap\u00e4ring siit!<\/strong><\/a><\/span><\/p>\n<div id=\"comp-jeveiez8\" class=\"KcpHeO tz5f0K comp-jeveiez8 wixui-rich-text\" data-testid=\"richTextElement\">\n<p class=\"font_7 wixui-rich-text__text\"><span class=\"wixui-rich-text__text\"><span class=\"color_25 wixui-rich-text__text\">Tellija m\u00f5\u00f5tude j\u00e4rgi tehtud kokkupandav vaas, mille tootmisv\u00f5imaluse selgitame v\u00e4lja pakkumise tegemisel. Plaatide paksus on 80 mm.\u00a0<\/span><\/span><\/p>\n<\/div>\n<div id=\"comp-k9mjfv30\" class=\"comp-k9mjfv30 SPY_vo\">\n<div class=\"\" data-mesh-id=\"comp-k9mjfv30inlineContent\" data-testid=\"inline-content\">\n<div data-mesh-id=\"comp-k9mjfv30inlineContent-gridContainer\" data-testid=\"mesh-container-content\">\n<div id=\"comp-jeveejw2\" class=\"BaOVQ8 tz5f0K comp-jeveejw2 wixui-rich-text\" data-testid=\"richTextElement\"><span style=\"font-size: 16px;\">Toote kaal s\u00f5ltub detailide m\u00f5\u00f5tudest.\u00a0 Vaas v<\/span><span style=\"font-size: 16px;\">\u00f5ib olla p\u00f5hjaplaadiga v\u00f5i ilma. Selle <\/span>tarne toimub plaatidena ja kokkumonteerimise eest hoolitseb klient ise. Meie poolt on paigaldusjuhend.<\/div>\n<div data-testid=\"richTextElement\"><\/div>\n<div data-testid=\"richTextElement\"><span class=\"wixui-rich-text__text\"><span class=\"color_25 wixui-rich-text__text\"><br \/>\nToote hind on alates <span style=\"color: #bb7f3d;\">400\u20ac<\/span> ja projekti l\u00f5ppmaksumus kujuneb s\u00f5ltuvalt kogusest, m\u00f5\u00f5tudest, viimistlusest.<\/span><\/span><\/div>\n<\/div>\n<div data-mesh-id=\"comp-k9mjfv30inlineContent-gridContainer\" data-testid=\"mesh-container-content\">\n<div data-testid=\"richTextElement\"><\/div>\n<\/div>\n<\/div>\n<\/div>\n<div id=\"comp-lbqj90gc\" class=\"KcpHeO tz5f0K comp-lbqj90gc wixui-rich-text\" data-testid=\"richTextElement\"><\/div>\n<div id=\"comp-jevfdf7i\" class=\"comp-jevfdf7i wFmVDK wixui-horizontal-line\"><\/div>\n","protected":false},"featured_media":19954,"comment_status":"open","ping_status":"closed","template":"","meta":{"site-sidebar-layout":"default","site-content-layout":"default","ast-site-content-layout":"default","site-content-style":"default","site-sidebar-style":"default","ast-global-header-display":"","ast-banner-title-visibility":"","ast-main-header-display":"","ast-hfb-above-header-display":"","ast-hfb-below-header-display":"","ast-hfb-mobile-header-display":"","site-post-title":"","ast-breadcrumbs-content":"","ast-featured-img":"","footer-sml-layout":"","ast-disable-related-posts":"","theme-transparent-header-meta":"default","adv-header-id-meta":"","stick-header-meta":"default","header-above-stick-meta":"","header-main-stick-meta":"","header-below-stick-meta":"","astra-migrate-meta-layouts":"set","ast-page-background-enabled":"default","ast-page-background-meta":{"desktop":{"background-color":"var(--ast-global-color-4)","background-image":"","background-repeat":"repeat","background-position":"center center","background-size":"auto","background-attachment":"scroll","background-type":"","background-media":"","overlay-type":"","overlay-color":"","overlay-opacity":"","overlay-gradient":""},"tablet":{"background-color":"","background-image":"","background-repeat":"repeat","background-position":"center center","background-size":"auto","background-attachment":"scroll","background-type":"","background-media":"","overlay-type":"","overlay-color":"","overlay-opacity":"","overlay-gradient":""},"mobile":{"background-color":"","background-image":"","background-repeat":"repeat","background-position":"center center","background-size":"auto","background-attachment":"scroll","background-type":"","background-media":"","overlay-type":"","overlay-color":"","overlay-opacity":"","overlay-gradient":""}},"ast-content-background-meta":{"desktop":{"background-color":"var(--ast-global-color-5)","background-image":"","background-repeat":"repeat","background-position":"center center","background-size":"auto","background-attachment":"scroll","background-type":"","background-media":"","overlay-type":"","overlay-color":"","overlay-opacity":"","overlay-gradient":""},"tablet":{"background-color":"var(--ast-global-color-5)","background-image":"","background-repeat":"repeat","background-position":"center center","background-size":"auto","background-attachment":"scroll","background-type":"","background-media":"","overlay-type":"","overlay-color":"","overlay-opacity":"","overlay-gradient":""},"mobile":{"background-color":"var(--ast-global-color-5)","background-image":"","background-repeat":"repeat","background-position":"center center","background-size":"auto","background-attachment":"scroll","background-type":"","background-media":"","overlay-type":"","overlay-color":"","overlay-opacity":"","overlay-gradient":""}}},"product_brand":[],"product_cat":[23,22],"product_tag":[],"class_list":{"0":"post-10355","1":"product","2":"type-product","3":"status-publish","4":"has-post-thumbnail","6":"product_cat-aia-ja-linnadisain","7":"product_cat-vaasid","8":"desktop-align-left","9":"tablet-align-left","10":"mobile-align-left","11":"ast-product-gallery-layout-horizontal-slider","12":"ast-product-tabs-layout-horizontal","13":"ast-qv-on-image","15":"first","16":"instock","17":"taxable","18":"shipping-taxable","19":"product-type-simple"},"yoast_head":"<!-- This site is optimized with the Yoast SEO plugin v27.3 - https:\/\/yoast.com\/product\/yoast-seo-wordpress\/ -->\n<title>Betoonist monteeritav vaas 10.26 - Kiili Betoon<\/title>\n<meta name=\"robots\" content=\"index, follow, max-snippet:-1, max-image-preview:large, max-video-preview:-1\" \/>\n<link rel=\"canonical\" href=\"https:\/\/kiilibetoon.ee\/ru\/monteeritav-vaas-10-26\/\" \/>\n<meta property=\"og:locale\" content=\"ru_RU\" \/>\n<meta property=\"og:type\" content=\"article\" \/>\n<meta property=\"og:title\" content=\"Betoonist monteeritav vaas 10.26 - Kiili Betoon\" \/>\n<meta property=\"og:description\" content=\"Saada selle toote kohta hinnap\u00e4ring siit!  Tellija m\u00f5\u00f5tude j\u00e4rgi tehtud kokkupandav vaas, mille tootmisv\u00f5imaluse selgitame v\u00e4lja pakkumise tegemisel. Plaatide paksus on 80 mm.\u00a0      Toote kaal s\u00f5ltub detailide m\u00f5\u00f5tudest.\u00a0 Vaas v\u00f5ib olla p\u00f5hjaplaadiga v\u00f5i ilma. Selle tarne toimub plaatidena ja kokkumonteerimise eest hoolitseb klient ise. Meie poolt on paigaldusjuhend.   Toote hind on alates 400\u20ac ja projekti l\u00f5ppmaksumus kujuneb s\u00f5ltuvalt kogusest, m\u00f5\u00f5tudest, viimistlusest.\" \/>\n<meta property=\"og:url\" content=\"https:\/\/kiilibetoon.ee\/ru\/monteeritav-vaas-10-26\/\" \/>\n<meta property=\"og:site_name\" content=\"Kiili Betoon\" \/>\n<meta property=\"article:modified_time\" content=\"2024-04-19T15:53:17+00:00\" \/>\n<meta property=\"og:image\" content=\"https:\/\/kiilibetoon.ee\/wp-content\/uploads\/2023\/09\/10.26-Dolomiidi-14.jpg\" \/>\n\t<meta property=\"og:image:width\" content=\"1365\" \/>\n\t<meta property=\"og:image:height\" content=\"2048\" \/>\n\t<meta property=\"og:image:type\" content=\"image\/jpeg\" \/>\n<meta name=\"twitter:card\" content=\"summary_large_image\" \/>\n<meta name=\"twitter:label1\" content=\"\u041f\u0440\u0438\u043c\u0435\u0440\u043d\u043e\u0435 \u0432\u0440\u0435\u043c\u044f \u0434\u043b\u044f \u0447\u0442\u0435\u043d\u0438\u044f\" \/>\n\t<meta name=\"twitter:data1\" content=\"1 \u043c\u0438\u043d\u0443\u0442\u0430\" \/>\n<script type=\"application\/ld+json\" class=\"yoast-schema-graph\">{\"@context\":\"https:\\\/\\\/schema.org\",\"@graph\":[{\"@type\":\"WebPage\",\"@id\":\"https:\\\/\\\/kiilibetoon.ee\\\/ru\\\/monteeritav-vaas-10-26\\\/\",\"url\":\"https:\\\/\\\/kiilibetoon.ee\\\/ru\\\/monteeritav-vaas-10-26\\\/\",\"name\":\"Betoonist monteeritav vaas 10.26 - Kiili Betoon\",\"isPartOf\":{\"@id\":\"https:\\\/\\\/kiilibetoon.ee\\\/ru\\\/#website\"},\"primaryImageOfPage\":{\"@id\":\"https:\\\/\\\/kiilibetoon.ee\\\/ru\\\/monteeritav-vaas-10-26\\\/#primaryimage\"},\"image\":{\"@id\":\"https:\\\/\\\/kiilibetoon.ee\\\/ru\\\/monteeritav-vaas-10-26\\\/#primaryimage\"},\"thumbnailUrl\":\"https:\\\/\\\/kiilibetoon.ee\\\/wp-content\\\/uploads\\\/2023\\\/09\\\/10.26-Dolomiidi-14.jpg\",\"datePublished\":\"2023-07-03T11:19:49+00:00\",\"dateModified\":\"2024-04-19T15:53:17+00:00\",\"breadcrumb\":{\"@id\":\"https:\\\/\\\/kiilibetoon.ee\\\/ru\\\/monteeritav-vaas-10-26\\\/#breadcrumb\"},\"inLanguage\":\"ru-RU\",\"potentialAction\":[{\"@type\":\"ReadAction\",\"target\":[\"https:\\\/\\\/kiilibetoon.ee\\\/ru\\\/monteeritav-vaas-10-26\\\/\"]}]},{\"@type\":\"ImageObject\",\"inLanguage\":\"ru-RU\",\"@id\":\"https:\\\/\\\/kiilibetoon.ee\\\/ru\\\/monteeritav-vaas-10-26\\\/#primaryimage\",\"url\":\"https:\\\/\\\/kiilibetoon.ee\\\/wp-content\\\/uploads\\\/2023\\\/09\\\/10.26-Dolomiidi-14.jpg\",\"contentUrl\":\"https:\\\/\\\/kiilibetoon.ee\\\/wp-content\\\/uploads\\\/2023\\\/09\\\/10.26-Dolomiidi-14.jpg\",\"width\":1365,\"height\":2048},{\"@type\":\"BreadcrumbList\",\"@id\":\"https:\\\/\\\/kiilibetoon.ee\\\/ru\\\/monteeritav-vaas-10-26\\\/#breadcrumb\",\"itemListElement\":[{\"@type\":\"ListItem\",\"position\":1,\"name\":\"Home\",\"item\":\"https:\\\/\\\/kiilibetoon.ee\\\/ru\\\/\"},{\"@type\":\"ListItem\",\"position\":2,\"name\":\"\u0412\u0441\u0435 \u0442\u043e\u0432\u0430\u0440\u044b\",\"item\":\"https:\\\/\\\/kiilibetoon.ee\\\/ru\\\/shop\\\/\"},{\"@type\":\"ListItem\",\"position\":3,\"name\":\"Betoonist monteeritav vaas 10.26\"}]},{\"@type\":\"WebSite\",\"@id\":\"https:\\\/\\\/kiilibetoon.ee\\\/ru\\\/#website\",\"url\":\"https:\\\/\\\/kiilibetoon.ee\\\/ru\\\/\",\"name\":\"Kiili Betoon\",\"description\":\"Aitame sul betoontoodetega kenama elupaiga luua! Valmistame betoonist tooteid, millega saab &uuml;mbruskonna ilusamaks, puhtamaks ja turvalisemaks muuta.\",\"publisher\":{\"@id\":\"https:\\\/\\\/kiilibetoon.ee\\\/ru\\\/#organization\"},\"potentialAction\":[{\"@type\":\"SearchAction\",\"target\":{\"@type\":\"EntryPoint\",\"urlTemplate\":\"https:\\\/\\\/kiilibetoon.ee\\\/ru\\\/?s={search_term_string}\"},\"query-input\":{\"@type\":\"PropertyValueSpecification\",\"valueRequired\":true,\"valueName\":\"search_term_string\"}}],\"inLanguage\":\"ru-RU\"},{\"@type\":\"Organization\",\"@id\":\"https:\\\/\\\/kiilibetoon.ee\\\/ru\\\/#organization\",\"name\":\"Kiili Betoon\",\"url\":\"https:\\\/\\\/kiilibetoon.ee\\\/ru\\\/\",\"logo\":{\"@type\":\"ImageObject\",\"inLanguage\":\"ru-RU\",\"@id\":\"https:\\\/\\\/kiilibetoon.ee\\\/ru\\\/#\\\/schema\\\/logo\\\/image\\\/\",\"url\":\"https:\\\/\\\/kiilibetoon.ee\\\/wp-content\\\/uploads\\\/2023\\\/02\\\/kiili-betoon-logod-must-hall-valge-muster-19.png\",\"contentUrl\":\"https:\\\/\\\/kiilibetoon.ee\\\/wp-content\\\/uploads\\\/2023\\\/02\\\/kiili-betoon-logod-must-hall-valge-muster-19.png\",\"width\":3334,\"height\":3334,\"caption\":\"Kiili Betoon\"},\"image\":{\"@id\":\"https:\\\/\\\/kiilibetoon.ee\\\/ru\\\/#\\\/schema\\\/logo\\\/image\\\/\"}}]}<\/script>\n<!-- \/ Yoast SEO plugin. -->","yoast_head_json":{"title":"Betoonist monteeritav vaas 10.26 - Kiili Betoon","robots":{"index":"index","follow":"follow","max-snippet":"max-snippet:-1","max-image-preview":"max-image-preview:large","max-video-preview":"max-video-preview:-1"},"canonical":"https:\/\/kiilibetoon.ee\/ru\/monteeritav-vaas-10-26\/","og_locale":"ru_RU","og_type":"article","og_title":"Betoonist monteeritav vaas 10.26 - Kiili Betoon","og_description":"Saada selle toote kohta hinnap\u00e4ring siit!  Tellija m\u00f5\u00f5tude j\u00e4rgi tehtud kokkupandav vaas, mille tootmisv\u00f5imaluse selgitame v\u00e4lja pakkumise tegemisel. Plaatide paksus on 80 mm.\u00a0      Toote kaal s\u00f5ltub detailide m\u00f5\u00f5tudest.\u00a0 Vaas v\u00f5ib olla p\u00f5hjaplaadiga v\u00f5i ilma. Selle tarne toimub plaatidena ja kokkumonteerimise eest hoolitseb klient ise. Meie poolt on paigaldusjuhend.   Toote hind on alates 400\u20ac ja projekti l\u00f5ppmaksumus kujuneb s\u00f5ltuvalt kogusest, m\u00f5\u00f5tudest, viimistlusest.","og_url":"https:\/\/kiilibetoon.ee\/ru\/monteeritav-vaas-10-26\/","og_site_name":"Kiili Betoon","article_modified_time":"2024-04-19T15:53:17+00:00","og_image":[{"width":1365,"height":2048,"url":"https:\/\/kiilibetoon.ee\/wp-content\/uploads\/2023\/09\/10.26-Dolomiidi-14.jpg","type":"image\/jpeg"}],"twitter_card":"summary_large_image","twitter_misc":{"\u041f\u0440\u0438\u043c\u0435\u0440\u043d\u043e\u0435 \u0432\u0440\u0435\u043c\u044f \u0434\u043b\u044f \u0447\u0442\u0435\u043d\u0438\u044f":"1 \u043c\u0438\u043d\u0443\u0442\u0430"},"schema":{"@context":"https:\/\/schema.org","@graph":[{"@type":"WebPage","@id":"https:\/\/kiilibetoon.ee\/ru\/monteeritav-vaas-10-26\/","url":"https:\/\/kiilibetoon.ee\/ru\/monteeritav-vaas-10-26\/","name":"Betoonist monteeritav vaas 10.26 - Kiili Betoon","isPartOf":{"@id":"https:\/\/kiilibetoon.ee\/ru\/#website"},"primaryImageOfPage":{"@id":"https:\/\/kiilibetoon.ee\/ru\/monteeritav-vaas-10-26\/#primaryimage"},"image":{"@id":"https:\/\/kiilibetoon.ee\/ru\/monteeritav-vaas-10-26\/#primaryimage"},"thumbnailUrl":"https:\/\/kiilibetoon.ee\/wp-content\/uploads\/2023\/09\/10.26-Dolomiidi-14.jpg","datePublished":"2023-07-03T11:19:49+00:00","dateModified":"2024-04-19T15:53:17+00:00","breadcrumb":{"@id":"https:\/\/kiilibetoon.ee\/ru\/monteeritav-vaas-10-26\/#breadcrumb"},"inLanguage":"ru-RU","potentialAction":[{"@type":"ReadAction","target":["https:\/\/kiilibetoon.ee\/ru\/monteeritav-vaas-10-26\/"]}]},{"@type":"ImageObject","inLanguage":"ru-RU","@id":"https:\/\/kiilibetoon.ee\/ru\/monteeritav-vaas-10-26\/#primaryimage","url":"https:\/\/kiilibetoon.ee\/wp-content\/uploads\/2023\/09\/10.26-Dolomiidi-14.jpg","contentUrl":"https:\/\/kiilibetoon.ee\/wp-content\/uploads\/2023\/09\/10.26-Dolomiidi-14.jpg","width":1365,"height":2048},{"@type":"BreadcrumbList","@id":"https:\/\/kiilibetoon.ee\/ru\/monteeritav-vaas-10-26\/#breadcrumb","itemListElement":[{"@type":"ListItem","position":1,"name":"Home","item":"https:\/\/kiilibetoon.ee\/ru\/"},{"@type":"ListItem","position":2,"name":"\u0412\u0441\u0435 \u0442\u043e\u0432\u0430\u0440\u044b","item":"https:\/\/kiilibetoon.ee\/ru\/shop\/"},{"@type":"ListItem","position":3,"name":"Betoonist monteeritav vaas 10.26"}]},{"@type":"WebSite","@id":"https:\/\/kiilibetoon.ee\/ru\/#website","url":"https:\/\/kiilibetoon.ee\/ru\/","name":"Kiili Betoon","description":"Aitame sul betoontoodetega kenama elupaiga luua! Valmistame betoonist tooteid, millega saab &uuml;mbruskonna ilusamaks, puhtamaks ja turvalisemaks muuta.","publisher":{"@id":"https:\/\/kiilibetoon.ee\/ru\/#organization"},"potentialAction":[{"@type":"SearchAction","target":{"@type":"EntryPoint","urlTemplate":"https:\/\/kiilibetoon.ee\/ru\/?s={search_term_string}"},"query-input":{"@type":"PropertyValueSpecification","valueRequired":true,"valueName":"search_term_string"}}],"inLanguage":"ru-RU"},{"@type":"Organization","@id":"https:\/\/kiilibetoon.ee\/ru\/#organization","name":"Kiili Betoon","url":"https:\/\/kiilibetoon.ee\/ru\/","logo":{"@type":"ImageObject","inLanguage":"ru-RU","@id":"https:\/\/kiilibetoon.ee\/ru\/#\/schema\/logo\/image\/","url":"https:\/\/kiilibetoon.ee\/wp-content\/uploads\/2023\/02\/kiili-betoon-logod-must-hall-valge-muster-19.png","contentUrl":"https:\/\/kiilibetoon.ee\/wp-content\/uploads\/2023\/02\/kiili-betoon-logod-must-hall-valge-muster-19.png","width":3334,"height":3334,"caption":"Kiili Betoon"},"image":{"@id":"https:\/\/kiilibetoon.ee\/ru\/#\/schema\/logo\/image\/"}}]}},"_links":{"self":[{"href":"https:\/\/kiilibetoon.ee\/ru\/wp-json\/wp\/v2\/product\/10355","targetHints":{"allow":["GET"]}}],"collection":[{"href":"https:\/\/kiilibetoon.ee\/ru\/wp-json\/wp\/v2\/product"}],"about":[{"href":"https:\/\/kiilibetoon.ee\/ru\/wp-json\/wp\/v2\/types\/product"}],"replies":[{"embeddable":true,"href":"https:\/\/kiilibetoon.ee\/ru\/wp-json\/wp\/v2\/comments?post=10355"}],"wp:featuredmedia":[{"embeddable":true,"href":"https:\/\/kiilibetoon.ee\/ru\/wp-json\/wp\/v2\/media\/19954"}],"wp:attachment":[{"href":"https:\/\/kiilibetoon.ee\/ru\/wp-json\/wp\/v2\/media?parent=10355"}],"wp:term":[{"taxonomy":"product_brand","embeddable":true,"href":"https:\/\/kiilibetoon.ee\/ru\/wp-json\/wp\/v2\/product_brand?post=10355"},{"taxonomy":"product_cat","embeddable":true,"href":"https:\/\/kiilibetoon.ee\/ru\/wp-json\/wp\/v2\/product_cat?post=10355"},{"taxonomy":"product_tag","embeddable":true,"href":"https:\/\/kiilibetoon.ee\/ru\/wp-json\/wp\/v2\/product_tag?post=10355"}],"curies":[{"name":"wp","href":"https:\/\/api.w.org\/{rel}","templated":true}]}}